{"id":538,"date":"2024-05-02T15:50:24","date_gmt":"2024-05-02T15:50:24","guid":{"rendered":"https:\/\/brilliantmindsforce.com\/?page_id=538"},"modified":"2024-05-07T19:39:44","modified_gmt":"2024-05-07T19:39:44","slug":"education","status":"publish","type":"page","link":"https:\/\/brilliantmindsforce.com\/pt\/produtos\/educacao\/","title":{"rendered":"Educa\u00e7\u00e3o"},"content":{"rendered":"<div class=\"wp-block-group is-layout-flow wp-container-core-group-is-layout-7 wp-block-group-is-layout-flow\">\n<div class=\"wp-block-cover wp-duotone-unset-1\"><span aria-hidden=\"true\" class=\"wp-block-cover__background has-background-dim-70 has-background-dim\" style=\"background-color:#01182d\"><\/span><img loading=\"lazy\" decoding=\"async\" width=\"1000\" height=\"667\" class=\"wp-block-cover__image-background wp-image-544\" alt=\"\" src=\"https:\/\/brilliantmindsforce.com\/wp-content\/uploads\/2024\/05\/image1.webp\" style=\"object-position:58% 35%\" data-object-fit=\"cover\" data-object-position=\"58% 35%\" srcset=\"https:\/\/brilliantmindsforce.com\/wp-content\/uploads\/2024\/05\/image1.webp 1000w, https:\/\/brilliantmindsforce.com\/wp-content\/uploads\/2024\/05\/image1-300x200.webp 300w, https:\/\/brilliantmindsforce.com\/wp-content\/uploads\/2024\/05\/image1-768x512.webp 768w, https:\/\/brilliantmindsforce.com\/wp-content\/uploads\/2024\/05\/image1-18x12.webp 18w\" sizes=\"(max-width: 1000px) 100vw, 1000px\" \/><div class=\"wp-block-cover__inner-container is-layout-flow wp-block-cover-is-layout-flow\">\n<div class=\"wp-block-group has-global-padding is-layout-constrained wp-container-core-group-is-layout-2 wp-block-group-is-layout-constrained\" style=\"padding-top:var(--wp--preset--spacing--50);padding-right:var(--wp--preset--spacing--50);padding-bottom:var(--wp--preset--spacing--50);padding-left:var(--wp--preset--spacing--50)\">\n<div class=\"wp-block-group is-content-justification-left is-nowrap is-layout-flex wp-container-core-group-is-layout-1 wp-block-group-is-layout-flex\" style=\"padding-top:0;padding-bottom:0\">\n<div class=\"wp-block-bmfdev-bmf-spacer has-luminous-vivid-orange-background-color has-background\" style=\"margin-top:0;margin-bottom:0;padding-top:var(--wp--preset--spacing--70);padding-right:0.3rem;padding-bottom:var(--wp--preset--spacing--70);padding-left:0.3rem\"><\/div>\n\n\n\n<h1 class=\"wp-block-heading has-text-align-left has-large-font-size\">AS TR\u00caS CATEGORIAS DE ERP-CRM<\/h1>\n<\/div>\n\n\n\n<p>O objetivo principal do \u201cDynamic Business and Operations Lab\u201d (DBOL) \u00e9 preencher a lacuna entre a academia e a ind\u00fastria. Ele proporcionar\u00e1 aos alunos uma experi\u00eancia realista de trabalhar em v\u00e1rias empresas em diferentes setores. Ao criar um quadro para uma estrutura organizacional, o DBOL permitir\u00e1 aos alunos aplicar eficazmente os conhecimentos adquiridos ao longo das suas carreiras acad\u00e9micas nas suas novas fun\u00e7\u00f5es. Esta iniciativa visa reduzir significativamente o per\u00edodo de adapta\u00e7\u00e3o dos estudantes quando iniciam o emprego.<\/p>\n\n\n\n<p>Este DBOL baseado na web foi projetado para oferecer aos alunos (presenciais e\/ou online) um ambiente educacional abrangente e funcional. Este Laborat\u00f3rio incentivar\u00e1 o aprendizado pr\u00e1tico e a aplica\u00e7\u00e3o de conceitos relacionados a processos de neg\u00f3cios, gest\u00e3o e operacionais nas seguintes carreiras:<\/p>\n<\/div>\n<\/div><\/div>\n\n\n\n<div class=\"wp-block-group is-layout-flow wp-block-group-is-layout-flow has-background\" style=\"padding-top:var(--wp--preset--spacing--50);padding-right:var(--wp--preset--spacing--50);padding-bottom:var(--wp--preset--spacing--50);padding-left:var(--wp--preset--spacing--50);background-image:url(&#039;https:\/\/brilliantmindsforce.com\/wp-content\/uploads\/2024\/05\/grey-yellow-backdrop.png&#039;);background-size:cover;\">\n<div class=\"wp-block-media-text is-stacked-on-mobile is-image-fill has-white-color has-vivid-red-background-color has-text-color has-background has-link-color wp-elements-a028e47918b143c7da197f3d9e2a624b\" style=\"margin-right:var(--wp--preset--spacing--50);margin-left:var(--wp--preset--spacing--50);padding-top:0;padding-right:0;padding-bottom:0;padding-left:0\"><figure class=\"wp-block-media-text__media\" style=\"background-image:url(https:\/\/brilliantmindsforce.com\/wp-content\/uploads\/2024\/05\/tradebusiness-1024x683.webp);background-position:50% 50%\"><img loading=\"lazy\" decoding=\"async\" width=\"1024\" height=\"683\" src=\"https:\/\/brilliantmindsforce.com\/wp-content\/uploads\/2024\/05\/tradebusiness-1024x683.webp\" alt=\"\" class=\"wp-image-555 size-full\" srcset=\"https:\/\/brilliantmindsforce.com\/wp-content\/uploads\/2024\/05\/tradebusiness-1024x683.webp 1024w, https:\/\/brilliantmindsforce.com\/wp-content\/uploads\/2024\/05\/tradebusiness-300x200.webp 300w, https:\/\/brilliantmindsforce.com\/wp-content\/uploads\/2024\/05\/tradebusiness-768x512.webp 768w, https:\/\/brilliantmindsforce.com\/wp-content\/uploads\/2024\/05\/tradebusiness-1536x1024.webp 1536w, https:\/\/brilliantmindsforce.com\/wp-content\/uploads\/2024\/05\/tradebusiness-2048x1365.webp 2048w, https:\/\/brilliantmindsforce.com\/wp-content\/uploads\/2024\/05\/tradebusiness-18x12.webp 18w\" sizes=\"(max-width: 1024px) 100vw, 1024px\" \/><\/figure><div class=\"wp-block-media-text__content\">\n<div class=\"wp-block-group has-global-padding is-layout-constrained wp-container-core-group-is-layout-3 wp-block-group-is-layout-constrained\" style=\"margin-top:var(--wp--preset--spacing--50);margin-bottom:var(--wp--preset--spacing--50);padding-top:var(--wp--preset--spacing--50);padding-right:var(--wp--preset--spacing--50);padding-bottom:var(--wp--preset--spacing--50);padding-left:var(--wp--preset--spacing--50)\">\n<h2 class=\"wp-block-heading\">NEG\u00d3CIOS<\/h2>\n\n\n\n<p>Neste laborat\u00f3rio, os alunos ser\u00e3o apresentados a sistemas simulados LMS-ERP-CRM, conduzindo-os numa jornada pela gest\u00e3o de neg\u00f3cios reais. Eles interagir\u00e3o com diferentes departamentos e compreender\u00e3o sua import\u00e2ncia e como interagem entre si.<\/p>\n\n\n\n<div class=\"wp-block-buttons is-layout-flex wp-block-buttons-is-layout-flex\">\n<div class=\"wp-block-button\"><a class=\"wp-block-button__link wp-element-button\" href=\"https:\/\/brilliantmindsforce.com\/pt\/education\/business\/\">Leia mais...<\/a><\/div>\n<\/div>\n<\/div>\n<\/div><\/div>\n\n\n\n<div class=\"wp-block-media-text has-media-on-the-right is-stacked-on-mobile is-image-fill has-white-color has-vivid-red-background-color has-text-color has-background has-link-color wp-elements-ab1c25d9a4c3686c478c6a0f409d2ee2\" style=\"margin-right:var(--wp--preset--spacing--50);margin-left:var(--wp--preset--spacing--50);padding-top:0;padding-bottom:0\"><div class=\"wp-block-media-text__content\">\n<div class=\"wp-block-group has-global-padding is-layout-constrained wp-container-core-group-is-layout-4 wp-block-group-is-layout-constrained\" style=\"margin-top:var(--wp--preset--spacing--50);margin-bottom:var(--wp--preset--spacing--50);padding-top:var(--wp--preset--spacing--50);padding-right:var(--wp--preset--spacing--50);padding-bottom:var(--wp--preset--spacing--50);padding-left:var(--wp--preset--spacing--50)\">\n<h2 class=\"wp-block-heading\">NEG\u00d3CIO DE COSMETOLOGIA<\/h2>\n\n\n\n<p>O objetivo principal deste laborat\u00f3rio \u00e9 preparar os alunos para carreiras de sucesso na ind\u00fastria da beleza, proporcionando uma experi\u00eancia realista de trabalho em um sal\u00e3o de beleza. Este programa criar\u00e1 uma estrutura para a compreens\u00e3o das opera\u00e7\u00f5es do sal\u00e3o, permitindo que os alunos apliquem seus conhecimentos de forma eficaz em cen\u00e1rios do mundo real. Os graduados deste programa estar\u00e3o bem equipados com habilidades b\u00e1sicas e sociais essenciais.<\/p>\n<\/div>\n<\/div><figure class=\"wp-block-media-text__media\" style=\"background-image:url(https:\/\/brilliantmindsforce.com\/wp-content\/uploads\/2024\/05\/cosmetology-business-1024x683.webp);background-position:30% 50%\"><img loading=\"lazy\" decoding=\"async\" width=\"1024\" height=\"683\" src=\"https:\/\/brilliantmindsforce.com\/wp-content\/uploads\/2024\/05\/cosmetology-business-1024x683.webp\" alt=\"\" class=\"wp-image-569 size-full\" srcset=\"https:\/\/brilliantmindsforce.com\/wp-content\/uploads\/2024\/05\/cosmetology-business-1024x683.webp 1024w, https:\/\/brilliantmindsforce.com\/wp-content\/uploads\/2024\/05\/cosmetology-business-300x200.webp 300w, https:\/\/brilliantmindsforce.com\/wp-content\/uploads\/2024\/05\/cosmetology-business-768x512.webp 768w, https:\/\/brilliantmindsforce.com\/wp-content\/uploads\/2024\/05\/cosmetology-business-1536x1024.webp 1536w, https:\/\/brilliantmindsforce.com\/wp-content\/uploads\/2024\/05\/cosmetology-business-2048x1365.webp 2048w, https:\/\/brilliantmindsforce.com\/wp-content\/uploads\/2024\/05\/cosmetology-business-18x12.webp 18w\" sizes=\"(max-width: 1024px) 100vw, 1024px\" \/><\/figure><\/div>\n\n\n\n<div class=\"wp-block-media-text is-stacked-on-mobile is-image-fill has-white-color has-vivid-red-background-color has-text-color has-background has-link-color wp-elements-749cf67c7437c45acea313593f618488\" style=\"margin-right:var(--wp--preset--spacing--50);margin-left:var(--wp--preset--spacing--50);padding-top:0;padding-right:0;padding-bottom:0;padding-left:0\"><figure class=\"wp-block-media-text__media\" style=\"background-image:url(https:\/\/brilliantmindsforce.com\/wp-content\/uploads\/2024\/05\/trade-1024x806.png);background-position:50% 50%\"><img loading=\"lazy\" decoding=\"async\" width=\"1024\" height=\"806\" src=\"https:\/\/brilliantmindsforce.com\/wp-content\/uploads\/2024\/05\/trade-1024x806.png\" alt=\"\" class=\"wp-image-576 size-full\" srcset=\"https:\/\/brilliantmindsforce.com\/wp-content\/uploads\/2024\/05\/trade-1024x806.png 1024w, https:\/\/brilliantmindsforce.com\/wp-content\/uploads\/2024\/05\/trade-300x236.png 300w, https:\/\/brilliantmindsforce.com\/wp-content\/uploads\/2024\/05\/trade-768x604.png 768w, https:\/\/brilliantmindsforce.com\/wp-content\/uploads\/2024\/05\/trade-15x12.png 15w, https:\/\/brilliantmindsforce.com\/wp-content\/uploads\/2024\/05\/trade.png 1088w\" sizes=\"(max-width: 1024px) 100vw, 1024px\" \/><\/figure><div class=\"wp-block-media-text__content\">\n<div class=\"wp-block-group has-global-padding is-layout-constrained wp-container-core-group-is-layout-5 wp-block-group-is-layout-constrained\" style=\"margin-top:var(--wp--preset--spacing--50);margin-bottom:var(--wp--preset--spacing--50);padding-top:var(--wp--preset--spacing--50);padding-right:var(--wp--preset--spacing--50);padding-bottom:var(--wp--preset--spacing--50);padding-left:var(--wp--preset--spacing--50)\">\n<h2 class=\"wp-block-heading\">NEG\u00d3CIO COMERCIAL<\/h2>\n\n\n\n<p>O objetivo principal deste laborat\u00f3rio \u00e9 equipar os alunos com as habilidades e conhecimentos necess\u00e1rios para carreiras pr\u00f3speras nas ind\u00fastrias comerciais, incluindo os setores automotivo, HVAC e eletricista. Ao simular um ambiente de trabalho do mundo real, este programa estabelece uma base s\u00f3lida para a compreens\u00e3o das opera\u00e7\u00f5es de uma empresa comercial, permitindo que os alunos apliquem seu aprendizado diretamente em ambientes profissionais. Os graduados sair\u00e3o totalmente preparados, possuindo tanto o conhecimento t\u00e9cnico quanto as habilidades interpessoais essenciais para o sucesso nessas \u00e1reas.<\/p>\n<\/div>\n<\/div><\/div>\n<\/div>\n<\/div>","protected":false},"excerpt":{"rendered":"<p>BUSINESS In this lab, students will be introduced to simulated LMS-ERP-CRM systems, taking them on a journey through the management of real businesses. They will interact with different departments and gain an understanding of their importance and how they interact with one another. COSMETOLOGY BUSINESS The primary objective of this Lab is to prepare students [&hellip;]<\/p>\n","protected":false},"author":1,"featured_media":0,"parent":97,"menu_order":0,"comment_status":"closed","ping_status":"closed","template":"","meta":{"kia_subtitle":"","footnotes":""},"class_list":["post-538","page","type-page","status-publish","hentry"],"yoast_head":"<!-- This site is optimized with the Yoast SEO plugin v25.6 - https:\/\/yoast.com\/wordpress\/plugins\/seo\/ -->\n<title>Education - Brilliant Minds Force<\/title>\n<meta name=\"robots\" content=\"index, follow, max-snippet:-1, max-image-preview:large, max-video-preview:-1\" \/>\n<link rel=\"canonical\" href=\"https:\/\/brilliantmindsforce.com\/pt\/produtos\/educacao\/\" \/>\n<meta property=\"og:locale\" content=\"pt_BR\" \/>\n<meta property=\"og:type\" content=\"article\" \/>\n<meta property=\"og:title\" content=\"Education - Brilliant Minds Force\" \/>\n<meta property=\"og:description\" content=\"BUSINESS In this lab, students will be introduced to simulated LMS-ERP-CRM systems, taking them on a journey through the management of real businesses. They will interact with different departments and gain an understanding of their importance and how they interact with one another. COSMETOLOGY BUSINESS The primary objective of this Lab is to prepare students [&hellip;]\" \/>\n<meta property=\"og:url\" content=\"https:\/\/brilliantmindsforce.com\/pt\/produtos\/educacao\/\" \/>\n<meta property=\"og:site_name\" content=\"Brilliant Minds Force\" \/>\n<meta property=\"article:modified_time\" content=\"2024-05-07T19:39:44+00:00\" \/>\n<meta property=\"og:image\" content=\"https:\/\/brilliantmindsforce.com\/wp-content\/uploads\/2024\/05\/image1.webp\" \/>\n<meta name=\"twitter:card\" content=\"summary_large_image\" \/>\n<meta name=\"twitter:label1\" content=\"Est. tempo de leitura\" \/>\n\t<meta name=\"twitter:data1\" content=\"3 minutos\" \/>\n<script type=\"application\/ld+json\" class=\"yoast-schema-graph\">{\"@context\":\"https:\/\/schema.org\",\"@graph\":[{\"@type\":\"WebPage\",\"@id\":\"https:\/\/brilliantmindsforce.com\/products\/education\/\",\"url\":\"https:\/\/brilliantmindsforce.com\/products\/education\/\",\"name\":\"Education - Brilliant Minds Force\",\"isPartOf\":{\"@id\":\"https:\/\/brilliantmindsforce.com\/#website\"},\"primaryImageOfPage\":{\"@id\":\"https:\/\/brilliantmindsforce.com\/products\/education\/#primaryimage\"},\"image\":{\"@id\":\"https:\/\/brilliantmindsforce.com\/products\/education\/#primaryimage\"},\"thumbnailUrl\":\"https:\/\/brilliantmindsforce.com\/wp-content\/uploads\/2024\/05\/image1.webp\",\"datePublished\":\"2024-05-02T15:50:24+00:00\",\"dateModified\":\"2024-05-07T19:39:44+00:00\",\"breadcrumb\":{\"@id\":\"https:\/\/brilliantmindsforce.com\/products\/education\/#breadcrumb\"},\"inLanguage\":\"pt-BR\",\"potentialAction\":[{\"@type\":\"ReadAction\",\"target\":[\"https:\/\/brilliantmindsforce.com\/products\/education\/\"]}]},{\"@type\":\"ImageObject\",\"inLanguage\":\"pt-BR\",\"@id\":\"https:\/\/brilliantmindsforce.com\/products\/education\/#primaryimage\",\"url\":\"https:\/\/brilliantmindsforce.com\/wp-content\/uploads\/2024\/05\/image1.webp\",\"contentUrl\":\"https:\/\/brilliantmindsforce.com\/wp-content\/uploads\/2024\/05\/image1.webp\"},{\"@type\":\"BreadcrumbList\",\"@id\":\"https:\/\/brilliantmindsforce.com\/products\/education\/#breadcrumb\",\"itemListElement\":[{\"@type\":\"ListItem\",\"position\":1,\"name\":\"Home\",\"item\":\"https:\/\/brilliantmindsforce.com\/\"},{\"@type\":\"ListItem\",\"position\":2,\"name\":\"Products\",\"item\":\"https:\/\/brilliantmindsforce.com\/products\/\"},{\"@type\":\"ListItem\",\"position\":3,\"name\":\"Education\"}]},{\"@type\":\"WebSite\",\"@id\":\"https:\/\/brilliantmindsforce.com\/#website\",\"url\":\"https:\/\/brilliantmindsforce.com\/\",\"name\":\"Brilliant Minds Force\",\"description\":\"Connecting Education To Industry\",\"publisher\":{\"@id\":\"https:\/\/brilliantmindsforce.com\/#organization\"},\"potentialAction\":[{\"@type\":\"SearchAction\",\"target\":{\"@type\":\"EntryPoint\",\"urlTemplate\":\"https:\/\/brilliantmindsforce.com\/?s={search_term_string}\"},\"query-input\":{\"@type\":\"PropertyValueSpecification\",\"valueRequired\":true,\"valueName\":\"search_term_string\"}}],\"inLanguage\":\"pt-BR\"},{\"@type\":\"Organization\",\"@id\":\"https:\/\/brilliantmindsforce.com\/#organization\",\"name\":\"Brilliant Minds Force\",\"url\":\"https:\/\/brilliantmindsforce.com\/\",\"logo\":{\"@type\":\"ImageObject\",\"inLanguage\":\"pt-BR\",\"@id\":\"https:\/\/brilliantmindsforce.com\/#\/schema\/logo\/image\/\",\"url\":\"https:\/\/brilliantmindsforce.com\/wp-content\/uploads\/2024\/04\/Logo.jpg\",\"contentUrl\":\"https:\/\/brilliantmindsforce.com\/wp-content\/uploads\/2024\/04\/Logo.jpg\",\"width\":300,\"height\":150,\"caption\":\"Brilliant Minds Force\"},\"image\":{\"@id\":\"https:\/\/brilliantmindsforce.com\/#\/schema\/logo\/image\/\"}}]}<\/script>\n<!-- \/ Yoast SEO plugin. -->","yoast_head_json":{"title":"Educa\u00e7\u00e3o - Brilliant Minds Force","robots":{"index":"index","follow":"follow","max-snippet":"max-snippet:-1","max-image-preview":"max-image-preview:large","max-video-preview":"max-video-preview:-1"},"canonical":"https:\/\/brilliantmindsforce.com\/pt\/produtos\/educacao\/","og_locale":"pt_BR","og_type":"article","og_title":"Education - Brilliant Minds Force","og_description":"BUSINESS In this lab, students will be introduced to simulated LMS-ERP-CRM systems, taking them on a journey through the management of real businesses. They will interact with different departments and gain an understanding of their importance and how they interact with one another. COSMETOLOGY BUSINESS The primary objective of this Lab is to prepare students [&hellip;]","og_url":"https:\/\/brilliantmindsforce.com\/pt\/produtos\/educacao\/","og_site_name":"Brilliant Minds Force","article_modified_time":"2024-05-07T19:39:44+00:00","og_image":[{"url":"https:\/\/brilliantmindsforce.com\/wp-content\/uploads\/2024\/05\/image1.webp","type":"","width":"","height":""}],"twitter_card":"summary_large_image","twitter_misc":{"Est. tempo de leitura":"3 minutos"},"schema":{"@context":"https:\/\/schema.org","@graph":[{"@type":"WebPage","@id":"https:\/\/brilliantmindsforce.com\/products\/education\/","url":"https:\/\/brilliantmindsforce.com\/products\/education\/","name":"Educa\u00e7\u00e3o - Brilliant Minds Force","isPartOf":{"@id":"https:\/\/brilliantmindsforce.com\/#website"},"primaryImageOfPage":{"@id":"https:\/\/brilliantmindsforce.com\/products\/education\/#primaryimage"},"image":{"@id":"https:\/\/brilliantmindsforce.com\/products\/education\/#primaryimage"},"thumbnailUrl":"https:\/\/brilliantmindsforce.com\/wp-content\/uploads\/2024\/05\/image1.webp","datePublished":"2024-05-02T15:50:24+00:00","dateModified":"2024-05-07T19:39:44+00:00","breadcrumb":{"@id":"https:\/\/brilliantmindsforce.com\/products\/education\/#breadcrumb"},"inLanguage":"pt-BR","potentialAction":[{"@type":"ReadAction","target":["https:\/\/brilliantmindsforce.com\/products\/education\/"]}]},{"@type":"ImageObject","inLanguage":"pt-BR","@id":"https:\/\/brilliantmindsforce.com\/products\/education\/#primaryimage","url":"https:\/\/brilliantmindsforce.com\/wp-content\/uploads\/2024\/05\/image1.webp","contentUrl":"https:\/\/brilliantmindsforce.com\/wp-content\/uploads\/2024\/05\/image1.webp"},{"@type":"BreadcrumbList","@id":"https:\/\/brilliantmindsforce.com\/products\/education\/#breadcrumb","itemListElement":[{"@type":"ListItem","position":1,"name":"Home","item":"https:\/\/brilliantmindsforce.com\/"},{"@type":"ListItem","position":2,"name":"Products","item":"https:\/\/brilliantmindsforce.com\/products\/"},{"@type":"ListItem","position":3,"name":"Education"}]},{"@type":"WebSite","@id":"https:\/\/brilliantmindsforce.com\/#website","url":"https:\/\/brilliantmindsforce.com\/","name":"For\u00e7a de Mentes Brilhantes","description":"Conectando a educa\u00e7\u00e3o ao setor","publisher":{"@id":"https:\/\/brilliantmindsforce.com\/#organization"},"potentialAction":[{"@type":"SearchAction","target":{"@type":"EntryPoint","urlTemplate":"https:\/\/brilliantmindsforce.com\/?s={search_term_string}"},"query-input":{"@type":"PropertyValueSpecification","valueRequired":true,"valueName":"search_term_string"}}],"inLanguage":"pt-BR"},{"@type":"Organization","@id":"https:\/\/brilliantmindsforce.com\/#organization","name":"For\u00e7a de Mentes Brilhantes","url":"https:\/\/brilliantmindsforce.com\/","logo":{"@type":"ImageObject","inLanguage":"pt-BR","@id":"https:\/\/brilliantmindsforce.com\/#\/schema\/logo\/image\/","url":"https:\/\/brilliantmindsforce.com\/wp-content\/uploads\/2024\/04\/Logo.jpg","contentUrl":"https:\/\/brilliantmindsforce.com\/wp-content\/uploads\/2024\/04\/Logo.jpg","width":300,"height":150,"caption":"Brilliant Minds Force"},"image":{"@id":"https:\/\/brilliantmindsforce.com\/#\/schema\/logo\/image\/"}}]}},"_links":{"self":[{"href":"https:\/\/brilliantmindsforce.com\/pt\/wp-json\/wp\/v2\/pages\/538"}],"collection":[{"href":"https:\/\/brilliantmindsforce.com\/pt\/wp-json\/wp\/v2\/pages"}],"about":[{"href":"https:\/\/brilliantmindsforce.com\/pt\/wp-json\/wp\/v2\/types\/page"}],"author":[{"embeddable":true,"href":"https:\/\/brilliantmindsforce.com\/pt\/wp-json\/wp\/v2\/users\/1"}],"replies":[{"embeddable":true,"href":"https:\/\/brilliantmindsforce.com\/pt\/wp-json\/wp\/v2\/comments?post=538"}],"version-history":[{"count":30,"href":"https:\/\/brilliantmindsforce.com\/pt\/wp-json\/wp\/v2\/pages\/538\/revisions"}],"predecessor-version":[{"id":849,"href":"https:\/\/brilliantmindsforce.com\/pt\/wp-json\/wp\/v2\/pages\/538\/revisions\/849"}],"up":[{"embeddable":true,"href":"https:\/\/brilliantmindsforce.com\/pt\/wp-json\/wp\/v2\/pages\/97"}],"wp:attachment":[{"href":"https:\/\/brilliantmindsforce.com\/pt\/wp-json\/wp\/v2\/media?parent=538"}],"curies":[{"name":"wp","href":"https:\/\/api.w.org\/{rel}","templated":true}]}}