{"id":38,"date":"2024-04-23T01:01:37","date_gmt":"2024-04-23T01:01:37","guid":{"rendered":"https:\/\/brilliantmindsforce.com\/?page_id=38"},"modified":"2024-06-04T15:53:28","modified_gmt":"2024-06-04T15:53:28","slug":"contact-us","status":"publish","type":"page","link":"https:\/\/brilliantmindsforce.com\/pt\/contate-nos\/","title":{"rendered":"Entre em contato conosco"},"content":{"rendered":"\n<div class=\"wp-block-cover is-light has-custom-content-position is-position-center-right\" style=\"margin-top:var(--wp--preset--spacing--50);margin-bottom:0\"><span aria-hidden=\"true\" class=\"wp-block-cover__background has-black-background-color has-background-dim-0 has-background-dim\"><\/span><img loading=\"lazy\" decoding=\"async\" width=\"2560\" height=\"1707\" class=\"wp-block-cover__image-background wp-image-473\" alt=\"\" src=\"https:\/\/brilliantmindsforce.com\/wp-content\/uploads\/2024\/04\/image-1-contact-us-scaled.jpg\" data-object-fit=\"cover\" srcset=\"https:\/\/brilliantmindsforce.com\/wp-content\/uploads\/2024\/04\/image-1-contact-us-scaled.jpg 2560w, https:\/\/brilliantmindsforce.com\/wp-content\/uploads\/2024\/04\/image-1-contact-us-300x200.jpg 300w, https:\/\/brilliantmindsforce.com\/wp-content\/uploads\/2024\/04\/image-1-contact-us-1024x683.jpg 1024w, https:\/\/brilliantmindsforce.com\/wp-content\/uploads\/2024\/04\/image-1-contact-us-768x512.jpg 768w, https:\/\/brilliantmindsforce.com\/wp-content\/uploads\/2024\/04\/image-1-contact-us-1536x1024.jpg 1536w, https:\/\/brilliantmindsforce.com\/wp-content\/uploads\/2024\/04\/image-1-contact-us-2048x1365.jpg 2048w, https:\/\/brilliantmindsforce.com\/wp-content\/uploads\/2024\/04\/image-1-contact-us-18x12.jpg 18w\" sizes=\"(max-width: 2560px) 100vw, 2560px\" \/><div class=\"wp-block-cover__inner-container has-global-padding is-layout-constrained wp-block-cover-is-layout-constrained\">\n<div class=\"wp-block-group has-white-color has-text-color has-link-color wp-elements-917535edf85f4df5e43e208f8a2e6a79 has-global-padding is-layout-constrained wp-container-core-group-is-layout-1 wp-block-group-is-layout-constrained has-background\" style=\"padding-top:var(--wp--preset--spacing--50);padding-right:var(--wp--preset--spacing--80);padding-bottom:var(--wp--preset--spacing--50);padding-left:var(--wp--preset--spacing--80);background-image:url(&#039;https:\/\/brilliantmindsforce.com\/wp-content\/uploads\/2024\/04\/dark-backdrop.png&#039;);background-size:cover;\">\n<h2 class=\"wp-block-heading\">Contact Us<\/h2>\n\n\n\n<div class=\"wp-block-bmfdev-bmf-forms-container\" id=\"bmfform\"><div class=\"wpforms-container wpforms-container-full wpforms-block wpforms-block-483471eb-66f3-45bb-bc3e-bd5c0e3c7e69 wpforms-render-modern\" id=\"wpforms-163\"><form id=\"wpforms-form-163\" class=\"wpforms-validate wpforms-form wpforms-ajax-form\" data-formid=\"163\" method=\"post\" enctype=\"multipart\/form-data\" action=\"\/pt\/wp-json\/wp\/v2\/pages\/38\" data-token=\"b3328a99e2931addcabee2c32eca2551\" data-token-time=\"1777046004\"><noscript class=\"wpforms-error-noscript\">Ative o JavaScript no seu navegador para preencher este formul\u00e1rio.<\/noscript><div id=\"wpforms-error-noscript\" style=\"display: none;\">Ative o JavaScript no seu navegador para preencher este formul\u00e1rio.<\/div><div class=\"wpforms-field-container\"><div id=\"wpforms-163-field_1-container\" class=\"wpforms-field wpforms-field-text bmf-contact-field-container\" data-field-id=\"1\"><label class=\"wpforms-field-label\" for=\"wpforms-163-field_1\">First Name <span class=\"wpforms-required-label\" aria-hidden=\"true\">*<\/span><\/label><input type=\"text\" id=\"wpforms-163-field_1\" class=\"wpforms-field-medium wpforms-field-required\" name=\"wpforms[fields][1]\" aria-errormessage=\"wpforms-163-field_1-error\" required><\/div><div id=\"wpforms-163-field_2-container\" class=\"wpforms-field wpforms-field-text bmf-contact-field-container\" data-field-id=\"2\"><label class=\"wpforms-field-label\" for=\"wpforms-163-field_2\">Last Name <span class=\"wpforms-required-label\" aria-hidden=\"true\">*<\/span><\/label><input type=\"text\" id=\"wpforms-163-field_2\" class=\"wpforms-field-medium wpforms-field-required\" name=\"wpforms[fields][2]\" aria-errormessage=\"wpforms-163-field_2-error\" required><\/div><div id=\"wpforms-163-field_3-container\" class=\"wpforms-field wpforms-field-text bmf-contact-field-container\" data-field-id=\"3\"><label class=\"wpforms-field-label\" for=\"wpforms-163-field_3\">Your Email Address <span class=\"wpforms-required-label\" aria-hidden=\"true\">*<\/span><\/label><input type=\"text\" id=\"wpforms-163-field_3\" class=\"wpforms-field-medium wpforms-field-required wpforms-masked-input\" data-rule-inputmask-incomplete=\"1\" data-inputmask-alias=\"email\" name=\"wpforms[fields][3]\" aria-errormessage=\"wpforms-163-field_3-error\" required><\/div><div id=\"wpforms-163-field_4-container\" class=\"wpforms-field wpforms-field-text bmf-contact-field-container\" data-field-id=\"4\"><label class=\"wpforms-field-label\" for=\"wpforms-163-field_4\">Company<\/label><input type=\"text\" id=\"wpforms-163-field_4\" class=\"wpforms-field-medium\" name=\"wpforms[fields][4]\" aria-errormessage=\"wpforms-163-field_4-error\" ><\/div><div id=\"wpforms-163-field_5-container\" class=\"wpforms-field wpforms-field-text bmf-contact-field-container\" data-field-id=\"5\"><label class=\"wpforms-field-label\" for=\"wpforms-163-field_5\">Phone<\/label><input type=\"text\" id=\"wpforms-163-field_5\" class=\"wpforms-field-medium\" name=\"wpforms[fields][5]\" aria-errormessage=\"wpforms-163-field_5-error\" ><\/div><div id=\"wpforms-163-field_6-container\" class=\"wpforms-field wpforms-field-textarea bmf-contact-field-container\" data-field-id=\"6\"><label class=\"wpforms-field-label\" for=\"wpforms-163-field_6\">Reason for contact <span class=\"wpforms-required-label\" aria-hidden=\"true\">*<\/span><\/label><textarea id=\"wpforms-163-field_6\" class=\"wpforms-field-medium wpforms-field-required\" name=\"wpforms[fields][6]\" aria-errormessage=\"wpforms-163-field_6-error\" required><\/textarea><\/div><\/div><!-- .wpforms-field-container --><div class=\"wpforms-recaptcha-container wpforms-is-recaptcha wpforms-is-recaptcha-type-v3\" ><input type=\"hidden\" name=\"wpforms[recaptcha]\" value=\"\"><\/div><div class=\"wpforms-submit-container\" ><input type=\"hidden\" name=\"wpforms[id]\" value=\"163\"><input type=\"hidden\" name=\"page_title\" value=\"\"><input type=\"hidden\" name=\"page_url\" value=\"https:\/\/brilliantmindsforce.com\/pt\/wp-json\/wp\/v2\/pages\/38\"><input type=\"hidden\" name=\"url_referer\" value=\"\"><button type=\"submit\" name=\"wpforms[submit]\" id=\"wpforms-submit-163\" class=\"wpforms-submit bmf-contact-submit\" data-alt-text=\"Sending...\" data-submit-text=\"Submit\" aria-live=\"assertive\" value=\"wpforms-submit\">Submit<\/button><img loading=\"lazy\" decoding=\"async\" src=\"https:\/\/brilliantmindsforce.com\/wp-content\/plugins\/wpforms-lite\/assets\/images\/submit-spin.svg\" class=\"wpforms-submit-spinner\" style=\"display: none;\" width=\"26\" height=\"26\" alt=\"Carregando\"><\/div><\/form><\/div>  <!-- .wpforms-container --><\/div>\n<\/div>\n<\/div><\/div>\n\n\n\n<div class=\"wp-block-bmfdev-bmf-spacer has-luminous-vivid-orange-background-color has-background\" style=\"margin-top:0;margin-bottom:0;padding-top:var(--wp--preset--spacing--40);padding-bottom:var(--wp--preset--spacing--40)\"><\/div>\n\n\n\n<div class=\"wp-block-group has-white-color has-text-color has-link-color wp-elements-cd4def2012d9ad687694390a0625a478 has-global-padding is-layout-constrained wp-block-group-is-layout-constrained has-background\" style=\"margin-top:0;margin-bottom:0;background-image:url(&#039;https:\/\/brilliantmindsforce.com\/wp-content\/uploads\/2024\/04\/dark-backdrop.png&#039;);background-size:cover;\">\n<div class=\"wp-block-columns alignfull are-vertically-aligned-center is-layout-flex wp-container-core-columns-is-layout-1 wp-block-columns-is-layout-flex\">\n<div class=\"wp-block-column is-vertically-aligned-center is-layout-flow wp-block-column-is-layout-flow\">\n<div class=\"wp-block-group has-global-padding is-layout-constrained wp-container-core-group-is-layout-2 wp-block-group-is-layout-constrained\" style=\"padding-top:var(--wp--preset--spacing--50);padding-right:var(--wp--preset--spacing--50);padding-bottom:var(--wp--preset--spacing--50);padding-left:var(--wp--preset--spacing--50)\">\n<iframe src=\"https:\/\/www.google.com\/maps\/embed?pb=!1m18!1m12!1m3!1d3592.605081877297!2d-80.30308498910895!3d25.783604707605292!2m3!1f0!2f0!3f0!3m2!1i1024!2i768!4f13.1!3m3!1m2!1s0x88d9b9bf14bcc40f%3A0x69e2bbcf3679691e!2s6303%20Waterford%20District%20Dr%2C%20Miami%2C%20FL%2033126%2C%20USA!5e0!3m2!1sen!2ssv!4v1714510340249!5m2!1sen!2ssv\" width=\"500\" height=\"400\" style=\"border:0;\" allowfullscreen=\"\" loading=\"lazy\" referrerpolicy=\"no-referrer-when-downgrade\"><\/iframe>\n<\/div>\n<\/div>\n\n\n\n<div class=\"wp-block-column is-vertically-aligned-center is-layout-flow wp-block-column-is-layout-flow\" style=\"padding-top:var(--wp--preset--spacing--50);padding-right:var(--wp--preset--spacing--50);padding-bottom:var(--wp--preset--spacing--50);padding-left:var(--wp--preset--spacing--50)\">\n<figure class=\"wp-block-image size-full is-resized\"><img loading=\"lazy\" decoding=\"async\" width=\"752\" height=\"756\" src=\"https:\/\/brilliantmindsforce.com\/wp-content\/uploads\/2024\/04\/transparent-white-logo.png\" alt=\"\" class=\"wp-image-481\" style=\"width:122px;height:auto\" srcset=\"https:\/\/brilliantmindsforce.com\/wp-content\/uploads\/2024\/04\/transparent-white-logo.png 752w, https:\/\/brilliantmindsforce.com\/wp-content\/uploads\/2024\/04\/transparent-white-logo-298x300.png 298w, https:\/\/brilliantmindsforce.com\/wp-content\/uploads\/2024\/04\/transparent-white-logo-150x150.png 150w, https:\/\/brilliantmindsforce.com\/wp-content\/uploads\/2024\/04\/transparent-white-logo-12x12.png 12w\" sizes=\"(max-width: 752px) 100vw, 752px\" \/><\/figure>\n\n\n\n<p style=\"padding-top:var(--wp--preset--spacing--50);padding-right:0;padding-bottom:var(--wp--preset--spacing--50);padding-left:0\">Brilliant Minds Force, LLC<br>6303 Blue Lagoon Drive<br>Suite 400<br>Miami, FL 33126<br>Email: info@brilliantmindsforce.com<\/p>\n<\/div>\n<\/div>\n<\/div>\n","protected":false},"excerpt":{"rendered":"<p>Brilliant Minds Force, LLC6303 Blue Lagoon DriveSuite 400Miami, FL 33126Email: info@brilliantmindsforce.com<\/p>","protected":false},"author":1,"featured_media":0,"parent":0,"menu_order":0,"comment_status":"closed","ping_status":"closed","template":"","meta":{"kia_subtitle":"","footnotes":""},"class_list":["post-38","page","type-page","status-publish","hentry"],"yoast_head":"<!-- This site is optimized with the Yoast SEO plugin v25.6 - https:\/\/yoast.com\/wordpress\/plugins\/seo\/ -->\n<title>Contact us - Brilliant Minds Force<\/title>\n<meta name=\"robots\" content=\"index, follow, max-snippet:-1, max-image-preview:large, max-video-preview:-1\" \/>\n<link rel=\"canonical\" href=\"https:\/\/brilliantmindsforce.com\/pt\/contate-nos\/\" \/>\n<meta property=\"og:locale\" content=\"pt_BR\" \/>\n<meta property=\"og:type\" content=\"article\" \/>\n<meta property=\"og:title\" content=\"Contact us - Brilliant Minds Force\" \/>\n<meta property=\"og:description\" content=\"Brilliant Minds Force, LLC6303 Blue Lagoon DriveSuite 400Miami, FL 33126Email: info@brilliantmindsforce.com\" \/>\n<meta property=\"og:url\" content=\"https:\/\/brilliantmindsforce.com\/pt\/contate-nos\/\" \/>\n<meta property=\"og:site_name\" content=\"Brilliant Minds Force\" \/>\n<meta property=\"article:modified_time\" content=\"2024-06-04T15:53:28+00:00\" \/>\n<meta property=\"og:image\" content=\"https:\/\/brilliantmindsforce.com\/wp-content\/uploads\/2024\/04\/image-1-contact-us-scaled.jpg\" \/>\n<meta name=\"twitter:card\" content=\"summary_large_image\" \/>\n<script type=\"application\/ld+json\" class=\"yoast-schema-graph\">{\"@context\":\"https:\/\/schema.org\",\"@graph\":[{\"@type\":\"WebPage\",\"@id\":\"https:\/\/brilliantmindsforce.com\/contact-us\/\",\"url\":\"https:\/\/brilliantmindsforce.com\/contact-us\/\",\"name\":\"Contact us - Brilliant Minds Force\",\"isPartOf\":{\"@id\":\"https:\/\/brilliantmindsforce.com\/#website\"},\"primaryImageOfPage\":{\"@id\":\"https:\/\/brilliantmindsforce.com\/contact-us\/#primaryimage\"},\"image\":{\"@id\":\"https:\/\/brilliantmindsforce.com\/contact-us\/#primaryimage\"},\"thumbnailUrl\":\"https:\/\/brilliantmindsforce.com\/wp-content\/uploads\/2024\/04\/image-1-contact-us-scaled.jpg\",\"datePublished\":\"2024-04-23T01:01:37+00:00\",\"dateModified\":\"2024-06-04T15:53:28+00:00\",\"breadcrumb\":{\"@id\":\"https:\/\/brilliantmindsforce.com\/contact-us\/#breadcrumb\"},\"inLanguage\":\"pt-BR\",\"potentialAction\":[{\"@type\":\"ReadAction\",\"target\":[\"https:\/\/brilliantmindsforce.com\/contact-us\/\"]}]},{\"@type\":\"ImageObject\",\"inLanguage\":\"pt-BR\",\"@id\":\"https:\/\/brilliantmindsforce.com\/contact-us\/#primaryimage\",\"url\":\"https:\/\/brilliantmindsforce.com\/wp-content\/uploads\/2024\/04\/image-1-contact-us-scaled.jpg\",\"contentUrl\":\"https:\/\/brilliantmindsforce.com\/wp-content\/uploads\/2024\/04\/image-1-contact-us-scaled.jpg\"},{\"@type\":\"BreadcrumbList\",\"@id\":\"https:\/\/brilliantmindsforce.com\/contact-us\/#breadcrumb\",\"itemListElement\":[{\"@type\":\"ListItem\",\"position\":1,\"name\":\"Home\",\"item\":\"https:\/\/brilliantmindsforce.com\/\"},{\"@type\":\"ListItem\",\"position\":2,\"name\":\"Contact us\"}]},{\"@type\":\"WebSite\",\"@id\":\"https:\/\/brilliantmindsforce.com\/#website\",\"url\":\"https:\/\/brilliantmindsforce.com\/\",\"name\":\"Brilliant Minds Force\",\"description\":\"Connecting Education To Industry\",\"publisher\":{\"@id\":\"https:\/\/brilliantmindsforce.com\/#organization\"},\"potentialAction\":[{\"@type\":\"SearchAction\",\"target\":{\"@type\":\"EntryPoint\",\"urlTemplate\":\"https:\/\/brilliantmindsforce.com\/?s={search_term_string}\"},\"query-input\":{\"@type\":\"PropertyValueSpecification\",\"valueRequired\":true,\"valueName\":\"search_term_string\"}}],\"inLanguage\":\"pt-BR\"},{\"@type\":\"Organization\",\"@id\":\"https:\/\/brilliantmindsforce.com\/#organization\",\"name\":\"Brilliant Minds Force\",\"url\":\"https:\/\/brilliantmindsforce.com\/\",\"logo\":{\"@type\":\"ImageObject\",\"inLanguage\":\"pt-BR\",\"@id\":\"https:\/\/brilliantmindsforce.com\/#\/schema\/logo\/image\/\",\"url\":\"https:\/\/brilliantmindsforce.com\/wp-content\/uploads\/2024\/04\/Logo.jpg\",\"contentUrl\":\"https:\/\/brilliantmindsforce.com\/wp-content\/uploads\/2024\/04\/Logo.jpg\",\"width\":300,\"height\":150,\"caption\":\"Brilliant Minds Force\"},\"image\":{\"@id\":\"https:\/\/brilliantmindsforce.com\/#\/schema\/logo\/image\/\"}}]}<\/script>\n<!-- \/ Yoast SEO plugin. -->","yoast_head_json":{"title":"Entre em contato conosco - Brilliant Minds Force","robots":{"index":"index","follow":"follow","max-snippet":"max-snippet:-1","max-image-preview":"max-image-preview:large","max-video-preview":"max-video-preview:-1"},"canonical":"https:\/\/brilliantmindsforce.com\/pt\/contate-nos\/","og_locale":"pt_BR","og_type":"article","og_title":"Contact us - Brilliant Minds Force","og_description":"Brilliant Minds Force, LLC6303 Blue Lagoon DriveSuite 400Miami, FL 33126Email: info@brilliantmindsforce.com","og_url":"https:\/\/brilliantmindsforce.com\/pt\/contate-nos\/","og_site_name":"Brilliant Minds Force","article_modified_time":"2024-06-04T15:53:28+00:00","og_image":[{"url":"https:\/\/brilliantmindsforce.com\/wp-content\/uploads\/2024\/04\/image-1-contact-us-scaled.jpg","type":"","width":"","height":""}],"twitter_card":"summary_large_image","schema":{"@context":"https:\/\/schema.org","@graph":[{"@type":"WebPage","@id":"https:\/\/brilliantmindsforce.com\/contact-us\/","url":"https:\/\/brilliantmindsforce.com\/contact-us\/","name":"Entre em contato conosco - Brilliant Minds Force","isPartOf":{"@id":"https:\/\/brilliantmindsforce.com\/#website"},"primaryImageOfPage":{"@id":"https:\/\/brilliantmindsforce.com\/contact-us\/#primaryimage"},"image":{"@id":"https:\/\/brilliantmindsforce.com\/contact-us\/#primaryimage"},"thumbnailUrl":"https:\/\/brilliantmindsforce.com\/wp-content\/uploads\/2024\/04\/image-1-contact-us-scaled.jpg","datePublished":"2024-04-23T01:01:37+00:00","dateModified":"2024-06-04T15:53:28+00:00","breadcrumb":{"@id":"https:\/\/brilliantmindsforce.com\/contact-us\/#breadcrumb"},"inLanguage":"pt-BR","potentialAction":[{"@type":"ReadAction","target":["https:\/\/brilliantmindsforce.com\/contact-us\/"]}]},{"@type":"ImageObject","inLanguage":"pt-BR","@id":"https:\/\/brilliantmindsforce.com\/contact-us\/#primaryimage","url":"https:\/\/brilliantmindsforce.com\/wp-content\/uploads\/2024\/04\/image-1-contact-us-scaled.jpg","contentUrl":"https:\/\/brilliantmindsforce.com\/wp-content\/uploads\/2024\/04\/image-1-contact-us-scaled.jpg"},{"@type":"BreadcrumbList","@id":"https:\/\/brilliantmindsforce.com\/contact-us\/#breadcrumb","itemListElement":[{"@type":"ListItem","position":1,"name":"Home","item":"https:\/\/brilliantmindsforce.com\/"},{"@type":"ListItem","position":2,"name":"Contact us"}]},{"@type":"WebSite","@id":"https:\/\/brilliantmindsforce.com\/#website","url":"https:\/\/brilliantmindsforce.com\/","name":"For\u00e7a de Mentes Brilhantes","description":"Conectando a educa\u00e7\u00e3o ao setor","publisher":{"@id":"https:\/\/brilliantmindsforce.com\/#organization"},"potentialAction":[{"@type":"SearchAction","target":{"@type":"EntryPoint","urlTemplate":"https:\/\/brilliantmindsforce.com\/?s={search_term_string}"},"query-input":{"@type":"PropertyValueSpecification","valueRequired":true,"valueName":"search_term_string"}}],"inLanguage":"pt-BR"},{"@type":"Organization","@id":"https:\/\/brilliantmindsforce.com\/#organization","name":"For\u00e7a de Mentes Brilhantes","url":"https:\/\/brilliantmindsforce.com\/","logo":{"@type":"ImageObject","inLanguage":"pt-BR","@id":"https:\/\/brilliantmindsforce.com\/#\/schema\/logo\/image\/","url":"https:\/\/brilliantmindsforce.com\/wp-content\/uploads\/2024\/04\/Logo.jpg","contentUrl":"https:\/\/brilliantmindsforce.com\/wp-content\/uploads\/2024\/04\/Logo.jpg","width":300,"height":150,"caption":"Brilliant Minds Force"},"image":{"@id":"https:\/\/brilliantmindsforce.com\/#\/schema\/logo\/image\/"}}]}},"_links":{"self":[{"href":"https:\/\/brilliantmindsforce.com\/pt\/wp-json\/wp\/v2\/pages\/38"}],"collection":[{"href":"https:\/\/brilliantmindsforce.com\/pt\/wp-json\/wp\/v2\/pages"}],"about":[{"href":"https:\/\/brilliantmindsforce.com\/pt\/wp-json\/wp\/v2\/types\/page"}],"author":[{"embeddable":true,"href":"https:\/\/brilliantmindsforce.com\/pt\/wp-json\/wp\/v2\/users\/1"}],"replies":[{"embeddable":true,"href":"https:\/\/brilliantmindsforce.com\/pt\/wp-json\/wp\/v2\/comments?post=38"}],"version-history":[{"count":27,"href":"https:\/\/brilliantmindsforce.com\/pt\/wp-json\/wp\/v2\/pages\/38\/revisions"}],"predecessor-version":[{"id":1001,"href":"https:\/\/brilliantmindsforce.com\/pt\/wp-json\/wp\/v2\/pages\/38\/revisions\/1001"}],"wp:attachment":[{"href":"https:\/\/brilliantmindsforce.com\/pt\/wp-json\/wp\/v2\/media?parent=38"}],"curies":[{"name":"wp","href":"https:\/\/api.w.org\/{rel}","templated":true}]}}