{"id":97,"date":"2024-04-23T23:14:50","date_gmt":"2024-04-23T23:14:50","guid":{"rendered":"https:\/\/brilliantmindsforce.com\/?page_id=97"},"modified":"2024-05-07T19:41:20","modified_gmt":"2024-05-07T19:41:20","slug":"products","status":"publish","type":"page","link":"https:\/\/brilliantmindsforce.com\/fr\/produits\/","title":{"rendered":"Produits"},"content":{"rendered":"<div class=\"wp-block-group is-layout-flow wp-container-core-group-is-layout-7 wp-block-group-is-layout-flow\">\n<div class=\"wp-block-bmfdev-bmf-media-group\" id=\"bmfmediagroup\">\n<div class=\"wp-block-group bmf-media-group bmf-media-group-left is-layout-flow wp-block-group-is-layout-flow\">\n<figure class=\"wp-block-image size-large bmf-media-group-image\"><img loading=\"lazy\" decoding=\"async\" width=\"1024\" height=\"684\" src=\"https:\/\/brilliantmindsforce.com\/wp-content\/uploads\/2024\/04\/1-1024x684.webp\" alt=\"\" class=\"wp-image-299\" srcset=\"https:\/\/brilliantmindsforce.com\/wp-content\/uploads\/2024\/04\/1-1024x684.webp 1024w, https:\/\/brilliantmindsforce.com\/wp-content\/uploads\/2024\/04\/1-300x200.webp 300w, https:\/\/brilliantmindsforce.com\/wp-content\/uploads\/2024\/04\/1-768x513.webp 768w, https:\/\/brilliantmindsforce.com\/wp-content\/uploads\/2024\/04\/1-1536x1025.webp 1536w, https:\/\/brilliantmindsforce.com\/wp-content\/uploads\/2024\/04\/1-2048x1367.webp 2048w, https:\/\/brilliantmindsforce.com\/wp-content\/uploads\/2024\/04\/1-18x12.webp 18w\" sizes=\"(max-width: 1024px) 100vw, 1024px\" \/><\/figure>\n\n\n\n<div class=\"wp-block-group bmf-media-group-content has-global-padding is-layout-constrained wp-container-core-group-is-layout-2 wp-block-group-is-layout-constrained has-background\" style=\"margin-top:0;margin-bottom:0;padding-top:var(--wp--preset--spacing--80);padding-right:var(--wp--preset--spacing--50);padding-bottom:var(--wp--preset--spacing--80);padding-left:var(--wp--preset--spacing--50);background-image:url(&#039;https:\/\/brilliantmindsforce.com\/wp-content\/uploads\/2024\/05\/yellow-backdrop.png&#039;);background-size:cover;\">\n<div class=\"wp-block-group has-global-padding is-layout-constrained wp-block-group-is-layout-constrained\">\n<h1 class=\"wp-block-heading has-white-color has-text-color has-link-color wp-elements-ceb98e9d903b1e0c206f8a8e9639acee\">L'\u00e9ducation<\/h1>\n\n\n\n<p style=\"margin-top:0;margin-bottom:var(--wp--preset--spacing--30)\">Exp\u00e9rience de simulation d'entreprise via un syst\u00e8me ERP-CRM \u00e9ducatif (en personne et\/ou en ligne)<\/p>\n\n\n\n<div class=\"wp-block-buttons is-layout-flex wp-block-buttons-is-layout-flex\">\n<div class=\"wp-block-button\"><a class=\"wp-block-button__link has-vivid-red-background-color has-background wp-element-button\" href=\"https:\/\/brilliantmindsforce.com\/fr\/produits\/leducation\/\" style=\"padding-top:var(--wp--preset--spacing--30);padding-bottom:var(--wp--preset--spacing--30)\">Lire la suite...<\/a><\/div>\n<\/div>\n<\/div>\n<\/div>\n<\/div>\n<\/div>\n\n\n\n<div class=\"wp-block-bmfdev-bmf-media-group\" id=\"bmfmediagroup\">\n<div class=\"wp-block-group bmf-media-group is-layout-flow wp-block-group-is-layout-flow\">\n<figure class=\"wp-block-image size-large bmf-media-group-image\"><img loading=\"lazy\" decoding=\"async\" width=\"1024\" height=\"683\" src=\"https:\/\/brilliantmindsforce.com\/wp-content\/uploads\/2024\/04\/2-1024x683.webp\" alt=\"\" class=\"wp-image-301\" srcset=\"https:\/\/brilliantmindsforce.com\/wp-content\/uploads\/2024\/04\/2-1024x683.webp 1024w, https:\/\/brilliantmindsforce.com\/wp-content\/uploads\/2024\/04\/2-300x200.webp 300w, https:\/\/brilliantmindsforce.com\/wp-content\/uploads\/2024\/04\/2-768x512.webp 768w, https:\/\/brilliantmindsforce.com\/wp-content\/uploads\/2024\/04\/2-1536x1024.webp 1536w, https:\/\/brilliantmindsforce.com\/wp-content\/uploads\/2024\/04\/2-2048x1365.webp 2048w, https:\/\/brilliantmindsforce.com\/wp-content\/uploads\/2024\/04\/2-18x12.webp 18w\" sizes=\"(max-width: 1024px) 100vw, 1024px\" \/><\/figure>\n\n\n\n<div class=\"wp-block-group bmf-media-group-content has-white-color has-text-color has-link-color wp-elements-13f49a8b6e8e21e9eadf907d8781d8f4 has-global-padding is-layout-constrained wp-container-core-group-is-layout-5 wp-block-group-is-layout-constrained has-background\" style=\"margin-top:0;margin-bottom:0;padding-top:var(--wp--preset--spacing--80);padding-right:var(--wp--preset--spacing--50);padding-bottom:var(--wp--preset--spacing--80);padding-left:var(--wp--preset--spacing--50);background-image:url(&#039;https:\/\/brilliantmindsforce.com\/wp-content\/uploads\/2024\/04\/dark-backdrop.png&#039;);background-size:cover;\">\n<div class=\"wp-block-group has-global-padding is-layout-constrained wp-block-group-is-layout-constrained\">\n<h1 class=\"wp-block-heading has-white-color has-text-color has-link-color wp-elements-d5ca751c2d023858ddcd4ae7e8727a52\">Conseil<\/h1>\n\n\n\n<p style=\"margin-top:var(--wp--preset--spacing--30);margin-bottom:var(--wp--preset--spacing--30)\">Conseil en ERP-CRM, d\u00e9veloppement commercial, d\u00e9veloppement de logiciels et externalisation<\/p>\n\n\n\n<div class=\"wp-block-buttons is-layout-flex wp-block-buttons-is-layout-flex\">\n<div class=\"wp-block-button\"><a class=\"wp-block-button__link wp-element-button\" href=\"https:\/\/brilliantmindsforce.com\/fr\/produits\/services-de-conseil\/\" style=\"padding-top:var(--wp--preset--spacing--30);padding-bottom:var(--wp--preset--spacing--30)\">Lire la suite...<\/a><\/div>\n<\/div>\n<\/div>\n<\/div>\n<\/div>\n<\/div>\n<\/div>","protected":false},"excerpt":{"rendered":"","protected":false},"author":1,"featured_media":0,"parent":0,"menu_order":0,"comment_status":"closed","ping_status":"closed","template":"","meta":{"kia_subtitle":"","footnotes":""},"class_list":["post-97","page","type-page","status-publish","hentry"],"yoast_head":"<!-- This site is optimized with the Yoast SEO plugin v25.6 - https:\/\/yoast.com\/wordpress\/plugins\/seo\/ -->\n<title>Products - Brilliant Minds Force<\/title>\n<meta name=\"robots\" content=\"index, follow, max-snippet:-1, max-image-preview:large, max-video-preview:-1\" \/>\n<link rel=\"canonical\" href=\"https:\/\/brilliantmindsforce.com\/fr\/produits\/\" \/>\n<meta property=\"og:locale\" content=\"fr_FR\" \/>\n<meta property=\"og:type\" content=\"article\" \/>\n<meta property=\"og:title\" content=\"Products - Brilliant Minds Force\" \/>\n<meta property=\"og:url\" content=\"https:\/\/brilliantmindsforce.com\/fr\/produits\/\" \/>\n<meta property=\"og:site_name\" content=\"Brilliant Minds Force\" \/>\n<meta property=\"article:modified_time\" content=\"2024-05-07T19:41:20+00:00\" \/>\n<meta property=\"og:image\" content=\"https:\/\/brilliantmindsforce.com\/wp-content\/uploads\/2024\/04\/1-1024x684.webp\" \/>\n<meta name=\"twitter:card\" content=\"summary_large_image\" \/>\n<meta name=\"twitter:label1\" content=\"Dur\u00e9e de lecture estim\u00e9e\" \/>\n\t<meta name=\"twitter:data1\" content=\"1 minute\" \/>\n<script type=\"application\/ld+json\" class=\"yoast-schema-graph\">{\"@context\":\"https:\/\/schema.org\",\"@graph\":[{\"@type\":\"WebPage\",\"@id\":\"https:\/\/brilliantmindsforce.com\/products\/\",\"url\":\"https:\/\/brilliantmindsforce.com\/products\/\",\"name\":\"Products - Brilliant Minds Force\",\"isPartOf\":{\"@id\":\"https:\/\/brilliantmindsforce.com\/#website\"},\"primaryImageOfPage\":{\"@id\":\"https:\/\/brilliantmindsforce.com\/products\/#primaryimage\"},\"image\":{\"@id\":\"https:\/\/brilliantmindsforce.com\/products\/#primaryimage\"},\"thumbnailUrl\":\"https:\/\/brilliantmindsforce.com\/wp-content\/uploads\/2024\/04\/1-1024x684.webp\",\"datePublished\":\"2024-04-23T23:14:50+00:00\",\"dateModified\":\"2024-05-07T19:41:20+00:00\",\"breadcrumb\":{\"@id\":\"https:\/\/brilliantmindsforce.com\/products\/#breadcrumb\"},\"inLanguage\":\"fr-FR\",\"potentialAction\":[{\"@type\":\"ReadAction\",\"target\":[\"https:\/\/brilliantmindsforce.com\/products\/\"]}]},{\"@type\":\"ImageObject\",\"inLanguage\":\"fr-FR\",\"@id\":\"https:\/\/brilliantmindsforce.com\/products\/#primaryimage\",\"url\":\"https:\/\/brilliantmindsforce.com\/wp-content\/uploads\/2024\/04\/1-1024x684.webp\",\"contentUrl\":\"https:\/\/brilliantmindsforce.com\/wp-content\/uploads\/2024\/04\/1-1024x684.webp\"},{\"@type\":\"BreadcrumbList\",\"@id\":\"https:\/\/brilliantmindsforce.com\/products\/#breadcrumb\",\"itemListElement\":[{\"@type\":\"ListItem\",\"position\":1,\"name\":\"Home\",\"item\":\"https:\/\/brilliantmindsforce.com\/\"},{\"@type\":\"ListItem\",\"position\":2,\"name\":\"Products\"}]},{\"@type\":\"WebSite\",\"@id\":\"https:\/\/brilliantmindsforce.com\/#website\",\"url\":\"https:\/\/brilliantmindsforce.com\/\",\"name\":\"Brilliant Minds Force\",\"description\":\"Connecting Education To Industry\",\"publisher\":{\"@id\":\"https:\/\/brilliantmindsforce.com\/#organization\"},\"potentialAction\":[{\"@type\":\"SearchAction\",\"target\":{\"@type\":\"EntryPoint\",\"urlTemplate\":\"https:\/\/brilliantmindsforce.com\/?s={search_term_string}\"},\"query-input\":{\"@type\":\"PropertyValueSpecification\",\"valueRequired\":true,\"valueName\":\"search_term_string\"}}],\"inLanguage\":\"fr-FR\"},{\"@type\":\"Organization\",\"@id\":\"https:\/\/brilliantmindsforce.com\/#organization\",\"name\":\"Brilliant Minds Force\",\"url\":\"https:\/\/brilliantmindsforce.com\/\",\"logo\":{\"@type\":\"ImageObject\",\"inLanguage\":\"fr-FR\",\"@id\":\"https:\/\/brilliantmindsforce.com\/#\/schema\/logo\/image\/\",\"url\":\"https:\/\/brilliantmindsforce.com\/wp-content\/uploads\/2024\/04\/Logo.jpg\",\"contentUrl\":\"https:\/\/brilliantmindsforce.com\/wp-content\/uploads\/2024\/04\/Logo.jpg\",\"width\":300,\"height\":150,\"caption\":\"Brilliant Minds Force\"},\"image\":{\"@id\":\"https:\/\/brilliantmindsforce.com\/#\/schema\/logo\/image\/\"}}]}<\/script>\n<!-- \/ Yoast SEO plugin. -->","yoast_head_json":{"title":"Produits - Brilliant Minds Force","robots":{"index":"index","follow":"follow","max-snippet":"max-snippet:-1","max-image-preview":"max-image-preview:large","max-video-preview":"max-video-preview:-1"},"canonical":"https:\/\/brilliantmindsforce.com\/fr\/produits\/","og_locale":"fr_FR","og_type":"article","og_title":"Products - Brilliant Minds Force","og_url":"https:\/\/brilliantmindsforce.com\/fr\/produits\/","og_site_name":"Brilliant Minds Force","article_modified_time":"2024-05-07T19:41:20+00:00","og_image":[{"url":"https:\/\/brilliantmindsforce.com\/wp-content\/uploads\/2024\/04\/1-1024x684.webp","type":"","width":"","height":""}],"twitter_card":"summary_large_image","twitter_misc":{"Dur\u00e9e de lecture estim\u00e9e":"1 minute"},"schema":{"@context":"https:\/\/schema.org","@graph":[{"@type":"WebPage","@id":"https:\/\/brilliantmindsforce.com\/products\/","url":"https:\/\/brilliantmindsforce.com\/products\/","name":"Produits - Brilliant Minds Force","isPartOf":{"@id":"https:\/\/brilliantmindsforce.com\/#website"},"primaryImageOfPage":{"@id":"https:\/\/brilliantmindsforce.com\/products\/#primaryimage"},"image":{"@id":"https:\/\/brilliantmindsforce.com\/products\/#primaryimage"},"thumbnailUrl":"https:\/\/brilliantmindsforce.com\/wp-content\/uploads\/2024\/04\/1-1024x684.webp","datePublished":"2024-04-23T23:14:50+00:00","dateModified":"2024-05-07T19:41:20+00:00","breadcrumb":{"@id":"https:\/\/brilliantmindsforce.com\/products\/#breadcrumb"},"inLanguage":"fr-FR","potentialAction":[{"@type":"ReadAction","target":["https:\/\/brilliantmindsforce.com\/products\/"]}]},{"@type":"ImageObject","inLanguage":"fr-FR","@id":"https:\/\/brilliantmindsforce.com\/products\/#primaryimage","url":"https:\/\/brilliantmindsforce.com\/wp-content\/uploads\/2024\/04\/1-1024x684.webp","contentUrl":"https:\/\/brilliantmindsforce.com\/wp-content\/uploads\/2024\/04\/1-1024x684.webp"},{"@type":"BreadcrumbList","@id":"https:\/\/brilliantmindsforce.com\/products\/#breadcrumb","itemListElement":[{"@type":"ListItem","position":1,"name":"Home","item":"https:\/\/brilliantmindsforce.com\/"},{"@type":"ListItem","position":2,"name":"Products"}]},{"@type":"WebSite","@id":"https:\/\/brilliantmindsforce.com\/#website","url":"https:\/\/brilliantmindsforce.com\/","name":"La force des esprits brillants","description":"Connecter l'\u00e9ducation \u00e0 l'industrie","publisher":{"@id":"https:\/\/brilliantmindsforce.com\/#organization"},"potentialAction":[{"@type":"SearchAction","target":{"@type":"EntryPoint","urlTemplate":"https:\/\/brilliantmindsforce.com\/?s={search_term_string}"},"query-input":{"@type":"PropertyValueSpecification","valueRequired":true,"valueName":"search_term_string"}}],"inLanguage":"fr-FR"},{"@type":"Organization","@id":"https:\/\/brilliantmindsforce.com\/#organization","name":"La force des esprits brillants","url":"https:\/\/brilliantmindsforce.com\/","logo":{"@type":"ImageObject","inLanguage":"fr-FR","@id":"https:\/\/brilliantmindsforce.com\/#\/schema\/logo\/image\/","url":"https:\/\/brilliantmindsforce.com\/wp-content\/uploads\/2024\/04\/Logo.jpg","contentUrl":"https:\/\/brilliantmindsforce.com\/wp-content\/uploads\/2024\/04\/Logo.jpg","width":300,"height":150,"caption":"Brilliant Minds Force"},"image":{"@id":"https:\/\/brilliantmindsforce.com\/#\/schema\/logo\/image\/"}}]}},"_links":{"self":[{"href":"https:\/\/brilliantmindsforce.com\/fr\/wp-json\/wp\/v2\/pages\/97"}],"collection":[{"href":"https:\/\/brilliantmindsforce.com\/fr\/wp-json\/wp\/v2\/pages"}],"about":[{"href":"https:\/\/brilliantmindsforce.com\/fr\/wp-json\/wp\/v2\/types\/page"}],"author":[{"embeddable":true,"href":"https:\/\/brilliantmindsforce.com\/fr\/wp-json\/wp\/v2\/users\/1"}],"replies":[{"embeddable":true,"href":"https:\/\/brilliantmindsforce.com\/fr\/wp-json\/wp\/v2\/comments?post=97"}],"version-history":[{"count":16,"href":"https:\/\/brilliantmindsforce.com\/fr\/wp-json\/wp\/v2\/pages\/97\/revisions"}],"predecessor-version":[{"id":851,"href":"https:\/\/brilliantmindsforce.com\/fr\/wp-json\/wp\/v2\/pages\/97\/revisions\/851"}],"wp:attachment":[{"href":"https:\/\/brilliantmindsforce.com\/fr\/wp-json\/wp\/v2\/media?parent=97"}],"curies":[{"name":"wp","href":"https:\/\/api.w.org\/{rel}","templated":true}]}}