{"id":538,"date":"2024-05-02T15:50:24","date_gmt":"2024-05-02T15:50:24","guid":{"rendered":"https:\/\/brilliantmindsforce.com\/?page_id=538"},"modified":"2024-05-07T19:39:44","modified_gmt":"2024-05-07T19:39:44","slug":"education","status":"publish","type":"page","link":"https:\/\/brilliantmindsforce.com\/fr\/produits\/leducation\/","title":{"rendered":"L'\u00e9ducation"},"content":{"rendered":"<div class=\"wp-block-group is-layout-flow wp-container-core-group-is-layout-7 wp-block-group-is-layout-flow\">\n<div class=\"wp-block-cover wp-duotone-unset-1\"><span aria-hidden=\"true\" class=\"wp-block-cover__background has-background-dim-70 has-background-dim\" style=\"background-color:#01182d\"><\/span><img loading=\"lazy\" decoding=\"async\" width=\"1000\" height=\"667\" class=\"wp-block-cover__image-background wp-image-544\" alt=\"\" src=\"https:\/\/brilliantmindsforce.com\/wp-content\/uploads\/2024\/05\/image1.webp\" style=\"object-position:58% 35%\" data-object-fit=\"cover\" data-object-position=\"58% 35%\" srcset=\"https:\/\/brilliantmindsforce.com\/wp-content\/uploads\/2024\/05\/image1.webp 1000w, https:\/\/brilliantmindsforce.com\/wp-content\/uploads\/2024\/05\/image1-300x200.webp 300w, https:\/\/brilliantmindsforce.com\/wp-content\/uploads\/2024\/05\/image1-768x512.webp 768w, https:\/\/brilliantmindsforce.com\/wp-content\/uploads\/2024\/05\/image1-18x12.webp 18w\" sizes=\"(max-width: 1000px) 100vw, 1000px\" \/><div class=\"wp-block-cover__inner-container is-layout-flow wp-block-cover-is-layout-flow\">\n<div class=\"wp-block-group has-global-padding is-layout-constrained wp-container-core-group-is-layout-2 wp-block-group-is-layout-constrained\" style=\"padding-top:var(--wp--preset--spacing--50);padding-right:var(--wp--preset--spacing--50);padding-bottom:var(--wp--preset--spacing--50);padding-left:var(--wp--preset--spacing--50)\">\n<div class=\"wp-block-group is-content-justification-left is-nowrap is-layout-flex wp-container-core-group-is-layout-1 wp-block-group-is-layout-flex\" style=\"padding-top:0;padding-bottom:0\">\n<div class=\"wp-block-bmfdev-bmf-spacer has-luminous-vivid-orange-background-color has-background\" style=\"margin-top:0;margin-bottom:0;padding-top:var(--wp--preset--spacing--70);padding-right:0.3rem;padding-bottom:var(--wp--preset--spacing--70);padding-left:0.3rem\"><\/div>\n\n\n\n<h1 class=\"wp-block-heading has-text-align-left has-large-font-size\">LES TROIS CAT\u00c9GORIES ERP-CRM<\/h1>\n<\/div>\n\n\n\n<p>L'objectif premier du \"Dynamic Business and Operations Lab\" (DBOL) est de combler le foss\u00e9 entre le monde universitaire et l'industrie. Il permettra aux \u00e9tudiants d'acqu\u00e9rir une exp\u00e9rience concr\u00e8te du travail dans diverses entreprises de diff\u00e9rents secteurs d'activit\u00e9. En cr\u00e9ant un cadre pour une structure organisationnelle, le DBOL permettra aux \u00e9tudiants d'appliquer efficacement les connaissances acquises tout au long de leur carri\u00e8re universitaire dans leurs nouvelles fonctions. Cette initiative vise \u00e0 r\u00e9duire de mani\u00e8re significative la p\u00e9riode d'adaptation des \u00e9tudiants lorsqu'ils commencent \u00e0 travailler.<\/p>\n\n\n\n<p>Ce DBOL en ligne est con\u00e7u pour offrir aux \u00e9tudiants (en personne et\/ou en ligne) un environnement \u00e9ducatif complet et fonctionnel. Ce laboratoire encouragera l'apprentissage pratique et l'application de concepts li\u00e9s aux affaires, \u00e0 la gestion et aux processus op\u00e9rationnels dans les carri\u00e8res suivantes :<\/p>\n<\/div>\n<\/div><\/div>\n\n\n\n<div class=\"wp-block-group is-layout-flow wp-block-group-is-layout-flow has-background\" style=\"padding-top:var(--wp--preset--spacing--50);padding-right:var(--wp--preset--spacing--50);padding-bottom:var(--wp--preset--spacing--50);padding-left:var(--wp--preset--spacing--50);background-image:url(&#039;https:\/\/brilliantmindsforce.com\/wp-content\/uploads\/2024\/05\/grey-yellow-backdrop.png&#039;);background-size:cover;\">\n<div class=\"wp-block-media-text is-stacked-on-mobile is-image-fill has-white-color has-vivid-red-background-color has-text-color has-background has-link-color wp-elements-a028e47918b143c7da197f3d9e2a624b\" style=\"margin-right:var(--wp--preset--spacing--50);margin-left:var(--wp--preset--spacing--50);padding-top:0;padding-right:0;padding-bottom:0;padding-left:0\"><figure class=\"wp-block-media-text__media\" style=\"background-image:url(https:\/\/brilliantmindsforce.com\/wp-content\/uploads\/2024\/05\/tradebusiness-1024x683.webp);background-position:50% 50%\"><img loading=\"lazy\" decoding=\"async\" width=\"1024\" height=\"683\" src=\"https:\/\/brilliantmindsforce.com\/wp-content\/uploads\/2024\/05\/tradebusiness-1024x683.webp\" alt=\"\" class=\"wp-image-555 size-full\" srcset=\"https:\/\/brilliantmindsforce.com\/wp-content\/uploads\/2024\/05\/tradebusiness-1024x683.webp 1024w, https:\/\/brilliantmindsforce.com\/wp-content\/uploads\/2024\/05\/tradebusiness-300x200.webp 300w, https:\/\/brilliantmindsforce.com\/wp-content\/uploads\/2024\/05\/tradebusiness-768x512.webp 768w, https:\/\/brilliantmindsforce.com\/wp-content\/uploads\/2024\/05\/tradebusiness-1536x1024.webp 1536w, https:\/\/brilliantmindsforce.com\/wp-content\/uploads\/2024\/05\/tradebusiness-2048x1365.webp 2048w, https:\/\/brilliantmindsforce.com\/wp-content\/uploads\/2024\/05\/tradebusiness-18x12.webp 18w\" sizes=\"(max-width: 1024px) 100vw, 1024px\" \/><\/figure><div class=\"wp-block-media-text__content\">\n<div class=\"wp-block-group has-global-padding is-layout-constrained wp-container-core-group-is-layout-3 wp-block-group-is-layout-constrained\" style=\"margin-top:var(--wp--preset--spacing--50);margin-bottom:var(--wp--preset--spacing--50);padding-top:var(--wp--preset--spacing--50);padding-right:var(--wp--preset--spacing--50);padding-bottom:var(--wp--preset--spacing--50);padding-left:var(--wp--preset--spacing--50)\">\n<h2 class=\"wp-block-heading\">AFFAIRES<\/h2>\n\n\n\n<p>Dans ce laboratoire, les \u00e9tudiants seront initi\u00e9s \u00e0 des syst\u00e8mes simul\u00e9s LMS-ERP-CRM, les emmenant dans un voyage \u00e0 travers la gestion de vraies entreprises. Ils interagiront avec diff\u00e9rents d\u00e9partements et comprendront leur importance et la mani\u00e8re dont ils interagissent les uns avec les autres.<\/p>\n\n\n\n<div class=\"wp-block-buttons is-layout-flex wp-block-buttons-is-layout-flex\">\n<div class=\"wp-block-button\"><a class=\"wp-block-button__link wp-element-button\" href=\"https:\/\/brilliantmindsforce.com\/fr\/education\/business\/\">Lire la suite...<\/a><\/div>\n<\/div>\n<\/div>\n<\/div><\/div>\n\n\n\n<div class=\"wp-block-media-text has-media-on-the-right is-stacked-on-mobile is-image-fill has-white-color has-vivid-red-background-color has-text-color has-background has-link-color wp-elements-ab1c25d9a4c3686c478c6a0f409d2ee2\" style=\"margin-right:var(--wp--preset--spacing--50);margin-left:var(--wp--preset--spacing--50);padding-top:0;padding-bottom:0\"><div class=\"wp-block-media-text__content\">\n<div class=\"wp-block-group has-global-padding is-layout-constrained wp-container-core-group-is-layout-4 wp-block-group-is-layout-constrained\" style=\"margin-top:var(--wp--preset--spacing--50);margin-bottom:var(--wp--preset--spacing--50);padding-top:var(--wp--preset--spacing--50);padding-right:var(--wp--preset--spacing--50);padding-bottom:var(--wp--preset--spacing--50);padding-left:var(--wp--preset--spacing--50)\">\n<h2 class=\"wp-block-heading\">ENTREPRISE DE COSM\u00c9TOLOGIE<\/h2>\n\n\n\n<p>L'objectif principal de ce laboratoire est de pr\u00e9parer les \u00e9tudiants \u00e0 une carri\u00e8re r\u00e9ussie dans l'industrie de la beaut\u00e9 en leur offrant une exp\u00e9rience r\u00e9aliste du travail dans un salon de coiffure. Ce programme cr\u00e9era un cadre pour comprendre le fonctionnement d'un salon, permettant aux \u00e9tudiants d'appliquer efficacement leurs connaissances dans des sc\u00e9narios du monde r\u00e9el. Les dipl\u00f4m\u00e9s de ce programme seront bien \u00e9quip\u00e9s en comp\u00e9tences essentielles, tant mat\u00e9rielles que non mat\u00e9rielles.<\/p>\n<\/div>\n<\/div><figure class=\"wp-block-media-text__media\" style=\"background-image:url(https:\/\/brilliantmindsforce.com\/wp-content\/uploads\/2024\/05\/cosmetology-business-1024x683.webp);background-position:30% 50%\"><img loading=\"lazy\" decoding=\"async\" width=\"1024\" height=\"683\" src=\"https:\/\/brilliantmindsforce.com\/wp-content\/uploads\/2024\/05\/cosmetology-business-1024x683.webp\" alt=\"\" class=\"wp-image-569 size-full\" srcset=\"https:\/\/brilliantmindsforce.com\/wp-content\/uploads\/2024\/05\/cosmetology-business-1024x683.webp 1024w, https:\/\/brilliantmindsforce.com\/wp-content\/uploads\/2024\/05\/cosmetology-business-300x200.webp 300w, https:\/\/brilliantmindsforce.com\/wp-content\/uploads\/2024\/05\/cosmetology-business-768x512.webp 768w, https:\/\/brilliantmindsforce.com\/wp-content\/uploads\/2024\/05\/cosmetology-business-1536x1024.webp 1536w, https:\/\/brilliantmindsforce.com\/wp-content\/uploads\/2024\/05\/cosmetology-business-2048x1365.webp 2048w, https:\/\/brilliantmindsforce.com\/wp-content\/uploads\/2024\/05\/cosmetology-business-18x12.webp 18w\" sizes=\"(max-width: 1024px) 100vw, 1024px\" \/><\/figure><\/div>\n\n\n\n<div class=\"wp-block-media-text is-stacked-on-mobile is-image-fill has-white-color has-vivid-red-background-color has-text-color has-background has-link-color wp-elements-749cf67c7437c45acea313593f618488\" style=\"margin-right:var(--wp--preset--spacing--50);margin-left:var(--wp--preset--spacing--50);padding-top:0;padding-right:0;padding-bottom:0;padding-left:0\"><figure class=\"wp-block-media-text__media\" style=\"background-image:url(https:\/\/brilliantmindsforce.com\/wp-content\/uploads\/2024\/05\/trade-1024x806.png);background-position:50% 50%\"><img loading=\"lazy\" decoding=\"async\" width=\"1024\" height=\"806\" src=\"https:\/\/brilliantmindsforce.com\/wp-content\/uploads\/2024\/05\/trade-1024x806.png\" alt=\"\" class=\"wp-image-576 size-full\" srcset=\"https:\/\/brilliantmindsforce.com\/wp-content\/uploads\/2024\/05\/trade-1024x806.png 1024w, https:\/\/brilliantmindsforce.com\/wp-content\/uploads\/2024\/05\/trade-300x236.png 300w, https:\/\/brilliantmindsforce.com\/wp-content\/uploads\/2024\/05\/trade-768x604.png 768w, https:\/\/brilliantmindsforce.com\/wp-content\/uploads\/2024\/05\/trade-15x12.png 15w, https:\/\/brilliantmindsforce.com\/wp-content\/uploads\/2024\/05\/trade.png 1088w\" sizes=\"(max-width: 1024px) 100vw, 1024px\" \/><\/figure><div class=\"wp-block-media-text__content\">\n<div class=\"wp-block-group has-global-padding is-layout-constrained wp-container-core-group-is-layout-5 wp-block-group-is-layout-constrained\" style=\"margin-top:var(--wp--preset--spacing--50);margin-bottom:var(--wp--preset--spacing--50);padding-top:var(--wp--preset--spacing--50);padding-right:var(--wp--preset--spacing--50);padding-bottom:var(--wp--preset--spacing--50);padding-left:var(--wp--preset--spacing--50)\">\n<h2 class=\"wp-block-heading\">AFFAIRES COMMERCIALES<\/h2>\n\n\n\n<p>L'objectif principal de ce laboratoire est de doter les \u00e9tudiants des comp\u00e9tences et des connaissances n\u00e9cessaires pour mener des carri\u00e8res florissantes dans les secteurs commerciaux, y compris les secteurs de l'automobile, du chauffage, de la ventilation et de la climatisation, et de l'\u00e9lectricit\u00e9. En simulant un environnement de travail r\u00e9el, ce programme pose des bases solides pour comprendre les op\u00e9rations d'une entreprise commerciale, ce qui permet aux \u00e9tudiants d'appliquer leur apprentissage directement dans un cadre professionnel. Les dipl\u00f4m\u00e9s en sortiront parfaitement pr\u00e9par\u00e9s, poss\u00e9dant \u00e0 la fois l'expertise technique et les comp\u00e9tences interpersonnelles indispensables pour r\u00e9ussir dans ces domaines.<\/p>\n<\/div>\n<\/div><\/div>\n<\/div>\n<\/div>","protected":false},"excerpt":{"rendered":"<p>BUSINESS In this lab, students will be introduced to simulated LMS-ERP-CRM systems, taking them on a journey through the management of real businesses. They will interact with different departments and gain an understanding of their importance and how they interact with one another. COSMETOLOGY BUSINESS The primary objective of this Lab is to prepare students [&hellip;]<\/p>\n","protected":false},"author":1,"featured_media":0,"parent":97,"menu_order":0,"comment_status":"closed","ping_status":"closed","template":"","meta":{"kia_subtitle":"","footnotes":""},"class_list":["post-538","page","type-page","status-publish","hentry"],"yoast_head":"<!-- This site is optimized with the Yoast SEO plugin v25.6 - https:\/\/yoast.com\/wordpress\/plugins\/seo\/ -->\n<title>Education - Brilliant Minds Force<\/title>\n<meta name=\"robots\" content=\"index, follow, max-snippet:-1, max-image-preview:large, max-video-preview:-1\" \/>\n<link rel=\"canonical\" href=\"https:\/\/brilliantmindsforce.com\/fr\/produits\/leducation\/\" \/>\n<meta property=\"og:locale\" content=\"fr_FR\" \/>\n<meta property=\"og:type\" content=\"article\" \/>\n<meta property=\"og:title\" content=\"Education - Brilliant Minds Force\" \/>\n<meta property=\"og:description\" content=\"BUSINESS In this lab, students will be introduced to simulated LMS-ERP-CRM systems, taking them on a journey through the management of real businesses. They will interact with different departments and gain an understanding of their importance and how they interact with one another. COSMETOLOGY BUSINESS The primary objective of this Lab is to prepare students [&hellip;]\" \/>\n<meta property=\"og:url\" content=\"https:\/\/brilliantmindsforce.com\/fr\/produits\/leducation\/\" \/>\n<meta property=\"og:site_name\" content=\"Brilliant Minds Force\" \/>\n<meta property=\"article:modified_time\" content=\"2024-05-07T19:39:44+00:00\" \/>\n<meta property=\"og:image\" content=\"https:\/\/brilliantmindsforce.com\/wp-content\/uploads\/2024\/05\/image1.webp\" \/>\n<meta name=\"twitter:card\" content=\"summary_large_image\" \/>\n<meta name=\"twitter:label1\" content=\"Dur\u00e9e de lecture estim\u00e9e\" \/>\n\t<meta name=\"twitter:data1\" content=\"3 minutes\" \/>\n<script type=\"application\/ld+json\" class=\"yoast-schema-graph\">{\"@context\":\"https:\/\/schema.org\",\"@graph\":[{\"@type\":\"WebPage\",\"@id\":\"https:\/\/brilliantmindsforce.com\/products\/education\/\",\"url\":\"https:\/\/brilliantmindsforce.com\/products\/education\/\",\"name\":\"Education - Brilliant Minds Force\",\"isPartOf\":{\"@id\":\"https:\/\/brilliantmindsforce.com\/#website\"},\"primaryImageOfPage\":{\"@id\":\"https:\/\/brilliantmindsforce.com\/products\/education\/#primaryimage\"},\"image\":{\"@id\":\"https:\/\/brilliantmindsforce.com\/products\/education\/#primaryimage\"},\"thumbnailUrl\":\"https:\/\/brilliantmindsforce.com\/wp-content\/uploads\/2024\/05\/image1.webp\",\"datePublished\":\"2024-05-02T15:50:24+00:00\",\"dateModified\":\"2024-05-07T19:39:44+00:00\",\"breadcrumb\":{\"@id\":\"https:\/\/brilliantmindsforce.com\/products\/education\/#breadcrumb\"},\"inLanguage\":\"fr-FR\",\"potentialAction\":[{\"@type\":\"ReadAction\",\"target\":[\"https:\/\/brilliantmindsforce.com\/products\/education\/\"]}]},{\"@type\":\"ImageObject\",\"inLanguage\":\"fr-FR\",\"@id\":\"https:\/\/brilliantmindsforce.com\/products\/education\/#primaryimage\",\"url\":\"https:\/\/brilliantmindsforce.com\/wp-content\/uploads\/2024\/05\/image1.webp\",\"contentUrl\":\"https:\/\/brilliantmindsforce.com\/wp-content\/uploads\/2024\/05\/image1.webp\"},{\"@type\":\"BreadcrumbList\",\"@id\":\"https:\/\/brilliantmindsforce.com\/products\/education\/#breadcrumb\",\"itemListElement\":[{\"@type\":\"ListItem\",\"position\":1,\"name\":\"Home\",\"item\":\"https:\/\/brilliantmindsforce.com\/\"},{\"@type\":\"ListItem\",\"position\":2,\"name\":\"Products\",\"item\":\"https:\/\/brilliantmindsforce.com\/products\/\"},{\"@type\":\"ListItem\",\"position\":3,\"name\":\"Education\"}]},{\"@type\":\"WebSite\",\"@id\":\"https:\/\/brilliantmindsforce.com\/#website\",\"url\":\"https:\/\/brilliantmindsforce.com\/\",\"name\":\"Brilliant Minds Force\",\"description\":\"Connecting Education To Industry\",\"publisher\":{\"@id\":\"https:\/\/brilliantmindsforce.com\/#organization\"},\"potentialAction\":[{\"@type\":\"SearchAction\",\"target\":{\"@type\":\"EntryPoint\",\"urlTemplate\":\"https:\/\/brilliantmindsforce.com\/?s={search_term_string}\"},\"query-input\":{\"@type\":\"PropertyValueSpecification\",\"valueRequired\":true,\"valueName\":\"search_term_string\"}}],\"inLanguage\":\"fr-FR\"},{\"@type\":\"Organization\",\"@id\":\"https:\/\/brilliantmindsforce.com\/#organization\",\"name\":\"Brilliant Minds Force\",\"url\":\"https:\/\/brilliantmindsforce.com\/\",\"logo\":{\"@type\":\"ImageObject\",\"inLanguage\":\"fr-FR\",\"@id\":\"https:\/\/brilliantmindsforce.com\/#\/schema\/logo\/image\/\",\"url\":\"https:\/\/brilliantmindsforce.com\/wp-content\/uploads\/2024\/04\/Logo.jpg\",\"contentUrl\":\"https:\/\/brilliantmindsforce.com\/wp-content\/uploads\/2024\/04\/Logo.jpg\",\"width\":300,\"height\":150,\"caption\":\"Brilliant Minds Force\"},\"image\":{\"@id\":\"https:\/\/brilliantmindsforce.com\/#\/schema\/logo\/image\/\"}}]}<\/script>\n<!-- \/ Yoast SEO plugin. -->","yoast_head_json":{"title":"\u00c9ducation - Brilliant Minds Force","robots":{"index":"index","follow":"follow","max-snippet":"max-snippet:-1","max-image-preview":"max-image-preview:large","max-video-preview":"max-video-preview:-1"},"canonical":"https:\/\/brilliantmindsforce.com\/fr\/produits\/leducation\/","og_locale":"fr_FR","og_type":"article","og_title":"Education - Brilliant Minds Force","og_description":"BUSINESS In this lab, students will be introduced to simulated LMS-ERP-CRM systems, taking them on a journey through the management of real businesses. They will interact with different departments and gain an understanding of their importance and how they interact with one another. COSMETOLOGY BUSINESS The primary objective of this Lab is to prepare students [&hellip;]","og_url":"https:\/\/brilliantmindsforce.com\/fr\/produits\/leducation\/","og_site_name":"Brilliant Minds Force","article_modified_time":"2024-05-07T19:39:44+00:00","og_image":[{"url":"https:\/\/brilliantmindsforce.com\/wp-content\/uploads\/2024\/05\/image1.webp","type":"","width":"","height":""}],"twitter_card":"summary_large_image","twitter_misc":{"Dur\u00e9e de lecture estim\u00e9e":"3 minutes"},"schema":{"@context":"https:\/\/schema.org","@graph":[{"@type":"WebPage","@id":"https:\/\/brilliantmindsforce.com\/products\/education\/","url":"https:\/\/brilliantmindsforce.com\/products\/education\/","name":"\u00c9ducation - Brilliant Minds Force","isPartOf":{"@id":"https:\/\/brilliantmindsforce.com\/#website"},"primaryImageOfPage":{"@id":"https:\/\/brilliantmindsforce.com\/products\/education\/#primaryimage"},"image":{"@id":"https:\/\/brilliantmindsforce.com\/products\/education\/#primaryimage"},"thumbnailUrl":"https:\/\/brilliantmindsforce.com\/wp-content\/uploads\/2024\/05\/image1.webp","datePublished":"2024-05-02T15:50:24+00:00","dateModified":"2024-05-07T19:39:44+00:00","breadcrumb":{"@id":"https:\/\/brilliantmindsforce.com\/products\/education\/#breadcrumb"},"inLanguage":"fr-FR","potentialAction":[{"@type":"ReadAction","target":["https:\/\/brilliantmindsforce.com\/products\/education\/"]}]},{"@type":"ImageObject","inLanguage":"fr-FR","@id":"https:\/\/brilliantmindsforce.com\/products\/education\/#primaryimage","url":"https:\/\/brilliantmindsforce.com\/wp-content\/uploads\/2024\/05\/image1.webp","contentUrl":"https:\/\/brilliantmindsforce.com\/wp-content\/uploads\/2024\/05\/image1.webp"},{"@type":"BreadcrumbList","@id":"https:\/\/brilliantmindsforce.com\/products\/education\/#breadcrumb","itemListElement":[{"@type":"ListItem","position":1,"name":"Home","item":"https:\/\/brilliantmindsforce.com\/"},{"@type":"ListItem","position":2,"name":"Products","item":"https:\/\/brilliantmindsforce.com\/products\/"},{"@type":"ListItem","position":3,"name":"Education"}]},{"@type":"WebSite","@id":"https:\/\/brilliantmindsforce.com\/#website","url":"https:\/\/brilliantmindsforce.com\/","name":"La force des esprits brillants","description":"Connecter l'\u00e9ducation \u00e0 l'industrie","publisher":{"@id":"https:\/\/brilliantmindsforce.com\/#organization"},"potentialAction":[{"@type":"SearchAction","target":{"@type":"EntryPoint","urlTemplate":"https:\/\/brilliantmindsforce.com\/?s={search_term_string}"},"query-input":{"@type":"PropertyValueSpecification","valueRequired":true,"valueName":"search_term_string"}}],"inLanguage":"fr-FR"},{"@type":"Organization","@id":"https:\/\/brilliantmindsforce.com\/#organization","name":"La force des esprits brillants","url":"https:\/\/brilliantmindsforce.com\/","logo":{"@type":"ImageObject","inLanguage":"fr-FR","@id":"https:\/\/brilliantmindsforce.com\/#\/schema\/logo\/image\/","url":"https:\/\/brilliantmindsforce.com\/wp-content\/uploads\/2024\/04\/Logo.jpg","contentUrl":"https:\/\/brilliantmindsforce.com\/wp-content\/uploads\/2024\/04\/Logo.jpg","width":300,"height":150,"caption":"Brilliant Minds Force"},"image":{"@id":"https:\/\/brilliantmindsforce.com\/#\/schema\/logo\/image\/"}}]}},"_links":{"self":[{"href":"https:\/\/brilliantmindsforce.com\/fr\/wp-json\/wp\/v2\/pages\/538"}],"collection":[{"href":"https:\/\/brilliantmindsforce.com\/fr\/wp-json\/wp\/v2\/pages"}],"about":[{"href":"https:\/\/brilliantmindsforce.com\/fr\/wp-json\/wp\/v2\/types\/page"}],"author":[{"embeddable":true,"href":"https:\/\/brilliantmindsforce.com\/fr\/wp-json\/wp\/v2\/users\/1"}],"replies":[{"embeddable":true,"href":"https:\/\/brilliantmindsforce.com\/fr\/wp-json\/wp\/v2\/comments?post=538"}],"version-history":[{"count":30,"href":"https:\/\/brilliantmindsforce.com\/fr\/wp-json\/wp\/v2\/pages\/538\/revisions"}],"predecessor-version":[{"id":849,"href":"https:\/\/brilliantmindsforce.com\/fr\/wp-json\/wp\/v2\/pages\/538\/revisions\/849"}],"up":[{"embeddable":true,"href":"https:\/\/brilliantmindsforce.com\/fr\/wp-json\/wp\/v2\/pages\/97"}],"wp:attachment":[{"href":"https:\/\/brilliantmindsforce.com\/fr\/wp-json\/wp\/v2\/media?parent=538"}],"curies":[{"name":"wp","href":"https:\/\/api.w.org\/{rel}","templated":true}]}}