{"id":500,"date":"2024-04-30T21:02:27","date_gmt":"2024-04-30T21:02:27","guid":{"rendered":"https:\/\/brilliantmindsforce.com\/?page_id=500"},"modified":"2024-04-30T21:40:03","modified_gmt":"2024-04-30T21:40:03","slug":"lms","status":"publish","type":"page","link":"https:\/\/brilliantmindsforce.com\/fr\/lms\/","title":{"rendered":"LMS"},"content":{"rendered":"<div class=\"wp-block-group alignfull is-layout-flow wp-container-core-group-is-layout-6 wp-block-group-is-layout-flow\">\n<div class=\"wp-block-columns alignfull is-layout-flex wp-container-core-columns-is-layout-1 wp-block-columns-is-layout-flex\" style=\"padding-top:0;padding-bottom:0\">\n<div class=\"wp-block-column is-vertically-aligned-center is-layout-flow wp-block-column-is-layout-flow\" style=\"padding-top:0;padding-right:0;padding-bottom:0;padding-left:var(--wp--preset--spacing--50)\">\n<h1 class=\"wp-block-heading has-pale-pink-color has-text-color has-link-color has-large-font-size wp-elements-a6e32651b7861e5256a97b3b9e1f0243\">Bonjour !<\/h1>\n<\/div>\n\n\n\n<div class=\"wp-block-column is-vertically-aligned-center is-layout-flow wp-block-column-is-layout-flow\"><figure class=\"wp-block-post-featured-image\"><img loading=\"lazy\" decoding=\"async\" width=\"1119\" height=\"767\" src=\"https:\/\/brilliantmindsforce.com\/wp-content\/uploads\/2024\/04\/main-100.jpg\" class=\"attachment-post-thumbnail size-post-thumbnail wp-post-image\" alt=\"\" style=\"object-fit:cover;\" srcset=\"https:\/\/brilliantmindsforce.com\/wp-content\/uploads\/2024\/04\/main-100.jpg 1119w, https:\/\/brilliantmindsforce.com\/wp-content\/uploads\/2024\/04\/main-100-300x206.jpg 300w, https:\/\/brilliantmindsforce.com\/wp-content\/uploads\/2024\/04\/main-100-1024x702.jpg 1024w, https:\/\/brilliantmindsforce.com\/wp-content\/uploads\/2024\/04\/main-100-768x526.jpg 768w, https:\/\/brilliantmindsforce.com\/wp-content\/uploads\/2024\/04\/main-100-18x12.jpg 18w\" sizes=\"(max-width: 1119px) 100vw, 1119px\" \/><\/figure><\/div>\n<\/div>\n\n\n\n<div class=\"wp-block-bmfdev-bmf-spacer has-luminous-vivid-orange-background-color has-background\" style=\"margin-top:0;margin-bottom:0;padding-top:var(--wp--preset--spacing--40);padding-bottom:var(--wp--preset--spacing--40)\"><\/div>\n\n\n\n<div class=\"wp-block-group has-white-color has-vivid-red-background-color has-text-color has-background has-link-color wp-elements-cc900b0dbb35064164007573f2affadb has-global-padding is-layout-constrained wp-block-group-is-layout-constrained\">\n<div class=\"wp-block-group alignfull has-global-padding is-layout-constrained wp-block-group-is-layout-constrained\" style=\"padding-top:var(--wp--preset--spacing--50);padding-bottom:var(--wp--preset--spacing--50)\">\n<p>Bienvenue sur Brilliant Minds Force LMS !<br>Embarquez pour un voyage o\u00f9 l'innovation rencontre l'intellect. Notre plateforme est con\u00e7ue pour les personnes d\u00e9sireuses d'explorer, d'innover et de diriger. Nous proposons des exp\u00e9riences d'apprentissage transformatrices con\u00e7ues pour les ambitieux et les visionnaires.<br><\/p>\n\n\n\n<p>Rejoignez notre communaut\u00e9 d'avant-gardistes. Ici, vous \u00e9voluerez, vous collaborerez et vous vous remettrez en question aux c\u00f4t\u00e9s des esprits les plus brillants. Avec Brilliant Minds Force, vous \u00eates pr\u00eat \u00e0 avoir un impact r\u00e9el.<\/p>\n\n\n\n<h3 class=\"wp-block-heading\" style=\"padding-top:var(--wp--preset--spacing--40);padding-bottom:0\">Votre aventure dans le futur commence maintenant. <span>Bienvenue \u00e0 bord !<\/span><\/h3>\n<\/div>\n<\/div>\n\n\n\n<div class=\"wp-block-group is-layout-flow wp-block-group-is-layout-flow\">\n<div class=\"wp-block-group is-layout-flow wp-block-group-is-layout-flow\" style=\"padding-top:var(--wp--preset--spacing--50);padding-right:var(--wp--preset--spacing--50);padding-bottom:var(--wp--preset--spacing--50);padding-left:var(--wp--preset--spacing--50)\">\n<h2 class=\"wp-block-heading has-pale-pink-color has-text-color has-link-color wp-elements-6ce13d39d3ac4ad3cd058a972082c390\">Cours<\/h2>\n\n\n\n<div class=\"wp-block-group has-luminous-vivid-amber-background-color has-background is-layout-flow wp-block-group-is-layout-flow\">\n<div class=\"wp-block-bmfdev-bmf-lms-courses\"><\/div>\n<\/div>\n<\/div>\n<\/div>\n<\/div>","protected":false},"excerpt":{"rendered":"<p>Hello! Welcome to Brilliant Minds Force LMS!Embark on a journey where innovation meets intellect. Our platform is crafted for those eager to explore, innovate, and lead. We offer transformative learning experiences designed for the ambitious and the visionary. Join our community of forward-thinkers. Here, you&#8217;ll grow, collaborate, and challenge yourself alongside the brightest minds. With [&hellip;]<\/p>\n","protected":false},"author":1,"featured_media":110,"parent":0,"menu_order":0,"comment_status":"closed","ping_status":"closed","template":"","meta":{"kia_subtitle":"","footnotes":""},"class_list":["post-500","page","type-page","status-publish","has-post-thumbnail","hentry"],"yoast_head":"<!-- This site is optimized with the Yoast SEO plugin v25.6 - https:\/\/yoast.com\/wordpress\/plugins\/seo\/ -->\n<title>LMS - Brilliant Minds Force<\/title>\n<meta name=\"robots\" content=\"index, follow, max-snippet:-1, max-image-preview:large, max-video-preview:-1\" \/>\n<link rel=\"canonical\" href=\"https:\/\/brilliantmindsforce.com\/fr\/lms\/\" \/>\n<meta property=\"og:locale\" content=\"fr_FR\" \/>\n<meta property=\"og:type\" content=\"article\" \/>\n<meta property=\"og:title\" content=\"LMS - Brilliant Minds Force\" \/>\n<meta property=\"og:description\" content=\"Hello! Welcome to Brilliant Minds Force LMS!Embark on a journey where innovation meets intellect. Our platform is crafted for those eager to explore, innovate, and lead. We offer transformative learning experiences designed for the ambitious and the visionary. Join our community of forward-thinkers. Here, you&#8217;ll grow, collaborate, and challenge yourself alongside the brightest minds. With [&hellip;]\" \/>\n<meta property=\"og:url\" content=\"https:\/\/brilliantmindsforce.com\/fr\/lms\/\" \/>\n<meta property=\"og:site_name\" content=\"Brilliant Minds Force\" \/>\n<meta property=\"article:modified_time\" content=\"2024-04-30T21:40:03+00:00\" \/>\n<meta property=\"og:image\" content=\"https:\/\/brilliantmindsforce.com\/wp-content\/uploads\/2024\/04\/main-100.jpg\" \/>\n\t<meta property=\"og:image:width\" content=\"1119\" \/>\n\t<meta property=\"og:image:height\" content=\"767\" \/>\n\t<meta property=\"og:image:type\" content=\"image\/jpeg\" \/>\n<meta name=\"twitter:card\" content=\"summary_large_image\" \/>\n<script type=\"application\/ld+json\" class=\"yoast-schema-graph\">{\"@context\":\"https:\/\/schema.org\",\"@graph\":[{\"@type\":\"WebPage\",\"@id\":\"https:\/\/brilliantmindsforce.com\/lms\/\",\"url\":\"https:\/\/brilliantmindsforce.com\/lms\/\",\"name\":\"LMS - Brilliant Minds Force\",\"isPartOf\":{\"@id\":\"https:\/\/brilliantmindsforce.com\/#website\"},\"primaryImageOfPage\":{\"@id\":\"https:\/\/brilliantmindsforce.com\/lms\/#primaryimage\"},\"image\":{\"@id\":\"https:\/\/brilliantmindsforce.com\/lms\/#primaryimage\"},\"thumbnailUrl\":\"https:\/\/brilliantmindsforce.com\/wp-content\/uploads\/2024\/04\/main-100.jpg\",\"datePublished\":\"2024-04-30T21:02:27+00:00\",\"dateModified\":\"2024-04-30T21:40:03+00:00\",\"breadcrumb\":{\"@id\":\"https:\/\/brilliantmindsforce.com\/lms\/#breadcrumb\"},\"inLanguage\":\"fr-FR\",\"potentialAction\":[{\"@type\":\"ReadAction\",\"target\":[\"https:\/\/brilliantmindsforce.com\/lms\/\"]}]},{\"@type\":\"ImageObject\",\"inLanguage\":\"fr-FR\",\"@id\":\"https:\/\/brilliantmindsforce.com\/lms\/#primaryimage\",\"url\":\"https:\/\/brilliantmindsforce.com\/wp-content\/uploads\/2024\/04\/main-100.jpg\",\"contentUrl\":\"https:\/\/brilliantmindsforce.com\/wp-content\/uploads\/2024\/04\/main-100.jpg\",\"width\":1119,\"height\":767},{\"@type\":\"BreadcrumbList\",\"@id\":\"https:\/\/brilliantmindsforce.com\/lms\/#breadcrumb\",\"itemListElement\":[{\"@type\":\"ListItem\",\"position\":1,\"name\":\"Home\",\"item\":\"https:\/\/brilliantmindsforce.com\/\"},{\"@type\":\"ListItem\",\"position\":2,\"name\":\"LMS\"}]},{\"@type\":\"WebSite\",\"@id\":\"https:\/\/brilliantmindsforce.com\/#website\",\"url\":\"https:\/\/brilliantmindsforce.com\/\",\"name\":\"Brilliant Minds Force\",\"description\":\"Connecting Education To Industry\",\"publisher\":{\"@id\":\"https:\/\/brilliantmindsforce.com\/#organization\"},\"potentialAction\":[{\"@type\":\"SearchAction\",\"target\":{\"@type\":\"EntryPoint\",\"urlTemplate\":\"https:\/\/brilliantmindsforce.com\/?s={search_term_string}\"},\"query-input\":{\"@type\":\"PropertyValueSpecification\",\"valueRequired\":true,\"valueName\":\"search_term_string\"}}],\"inLanguage\":\"fr-FR\"},{\"@type\":\"Organization\",\"@id\":\"https:\/\/brilliantmindsforce.com\/#organization\",\"name\":\"Brilliant Minds Force\",\"url\":\"https:\/\/brilliantmindsforce.com\/\",\"logo\":{\"@type\":\"ImageObject\",\"inLanguage\":\"fr-FR\",\"@id\":\"https:\/\/brilliantmindsforce.com\/#\/schema\/logo\/image\/\",\"url\":\"https:\/\/brilliantmindsforce.com\/wp-content\/uploads\/2024\/04\/Logo.jpg\",\"contentUrl\":\"https:\/\/brilliantmindsforce.com\/wp-content\/uploads\/2024\/04\/Logo.jpg\",\"width\":300,\"height\":150,\"caption\":\"Brilliant Minds Force\"},\"image\":{\"@id\":\"https:\/\/brilliantmindsforce.com\/#\/schema\/logo\/image\/\"}}]}<\/script>\n<!-- \/ Yoast SEO plugin. -->","yoast_head_json":{"title":"LMS - Brilliant Minds Force","robots":{"index":"index","follow":"follow","max-snippet":"max-snippet:-1","max-image-preview":"max-image-preview:large","max-video-preview":"max-video-preview:-1"},"canonical":"https:\/\/brilliantmindsforce.com\/fr\/lms\/","og_locale":"fr_FR","og_type":"article","og_title":"LMS - Brilliant Minds Force","og_description":"Hello! Welcome to Brilliant Minds Force LMS!Embark on a journey where innovation meets intellect. Our platform is crafted for those eager to explore, innovate, and lead. We offer transformative learning experiences designed for the ambitious and the visionary. Join our community of forward-thinkers. Here, you&#8217;ll grow, collaborate, and challenge yourself alongside the brightest minds. With [&hellip;]","og_url":"https:\/\/brilliantmindsforce.com\/fr\/lms\/","og_site_name":"Brilliant Minds Force","article_modified_time":"2024-04-30T21:40:03+00:00","og_image":[{"width":1119,"height":767,"url":"https:\/\/brilliantmindsforce.com\/wp-content\/uploads\/2024\/04\/main-100.jpg","type":"image\/jpeg"}],"twitter_card":"summary_large_image","schema":{"@context":"https:\/\/schema.org","@graph":[{"@type":"WebPage","@id":"https:\/\/brilliantmindsforce.com\/lms\/","url":"https:\/\/brilliantmindsforce.com\/lms\/","name":"LMS - Brilliant Minds Force","isPartOf":{"@id":"https:\/\/brilliantmindsforce.com\/#website"},"primaryImageOfPage":{"@id":"https:\/\/brilliantmindsforce.com\/lms\/#primaryimage"},"image":{"@id":"https:\/\/brilliantmindsforce.com\/lms\/#primaryimage"},"thumbnailUrl":"https:\/\/brilliantmindsforce.com\/wp-content\/uploads\/2024\/04\/main-100.jpg","datePublished":"2024-04-30T21:02:27+00:00","dateModified":"2024-04-30T21:40:03+00:00","breadcrumb":{"@id":"https:\/\/brilliantmindsforce.com\/lms\/#breadcrumb"},"inLanguage":"fr-FR","potentialAction":[{"@type":"ReadAction","target":["https:\/\/brilliantmindsforce.com\/lms\/"]}]},{"@type":"ImageObject","inLanguage":"fr-FR","@id":"https:\/\/brilliantmindsforce.com\/lms\/#primaryimage","url":"https:\/\/brilliantmindsforce.com\/wp-content\/uploads\/2024\/04\/main-100.jpg","contentUrl":"https:\/\/brilliantmindsforce.com\/wp-content\/uploads\/2024\/04\/main-100.jpg","width":1119,"height":767},{"@type":"BreadcrumbList","@id":"https:\/\/brilliantmindsforce.com\/lms\/#breadcrumb","itemListElement":[{"@type":"ListItem","position":1,"name":"Home","item":"https:\/\/brilliantmindsforce.com\/"},{"@type":"ListItem","position":2,"name":"LMS"}]},{"@type":"WebSite","@id":"https:\/\/brilliantmindsforce.com\/#website","url":"https:\/\/brilliantmindsforce.com\/","name":"La force des esprits brillants","description":"Connecter l'\u00e9ducation \u00e0 l'industrie","publisher":{"@id":"https:\/\/brilliantmindsforce.com\/#organization"},"potentialAction":[{"@type":"SearchAction","target":{"@type":"EntryPoint","urlTemplate":"https:\/\/brilliantmindsforce.com\/?s={search_term_string}"},"query-input":{"@type":"PropertyValueSpecification","valueRequired":true,"valueName":"search_term_string"}}],"inLanguage":"fr-FR"},{"@type":"Organization","@id":"https:\/\/brilliantmindsforce.com\/#organization","name":"La force des esprits brillants","url":"https:\/\/brilliantmindsforce.com\/","logo":{"@type":"ImageObject","inLanguage":"fr-FR","@id":"https:\/\/brilliantmindsforce.com\/#\/schema\/logo\/image\/","url":"https:\/\/brilliantmindsforce.com\/wp-content\/uploads\/2024\/04\/Logo.jpg","contentUrl":"https:\/\/brilliantmindsforce.com\/wp-content\/uploads\/2024\/04\/Logo.jpg","width":300,"height":150,"caption":"Brilliant Minds Force"},"image":{"@id":"https:\/\/brilliantmindsforce.com\/#\/schema\/logo\/image\/"}}]}},"_links":{"self":[{"href":"https:\/\/brilliantmindsforce.com\/fr\/wp-json\/wp\/v2\/pages\/500"}],"collection":[{"href":"https:\/\/brilliantmindsforce.com\/fr\/wp-json\/wp\/v2\/pages"}],"about":[{"href":"https:\/\/brilliantmindsforce.com\/fr\/wp-json\/wp\/v2\/types\/page"}],"author":[{"embeddable":true,"href":"https:\/\/brilliantmindsforce.com\/fr\/wp-json\/wp\/v2\/users\/1"}],"replies":[{"embeddable":true,"href":"https:\/\/brilliantmindsforce.com\/fr\/wp-json\/wp\/v2\/comments?post=500"}],"version-history":[{"count":11,"href":"https:\/\/brilliantmindsforce.com\/fr\/wp-json\/wp\/v2\/pages\/500\/revisions"}],"predecessor-version":[{"id":513,"href":"https:\/\/brilliantmindsforce.com\/fr\/wp-json\/wp\/v2\/pages\/500\/revisions\/513"}],"wp:featuredmedia":[{"embeddable":true,"href":"https:\/\/brilliantmindsforce.com\/fr\/wp-json\/wp\/v2\/media\/110"}],"wp:attachment":[{"href":"https:\/\/brilliantmindsforce.com\/fr\/wp-json\/wp\/v2\/media?parent=500"}],"curies":[{"name":"wp","href":"https:\/\/api.w.org\/{rel}","templated":true}]}}