{"id":29,"date":"2024-04-23T00:38:40","date_gmt":"2024-04-23T00:38:40","guid":{"rendered":"https:\/\/brilliantmindsforce.com\/?page_id=29"},"modified":"2024-06-03T16:54:57","modified_gmt":"2024-06-03T16:54:57","slug":"terms-of-use","status":"publish","type":"page","link":"https:\/\/brilliantmindsforce.com\/fr\/conditions-dutilisation\/","title":{"rendered":"Conditions d'utilisation"},"content":{"rendered":"<div class=\"wp-block-cover\" style=\"border-style:none;border-width:0px;border-radius:0px;padding-top:0;padding-right:0;padding-bottom:0;padding-left:0\"><span aria-hidden=\"true\" class=\"wp-block-cover__background has-black-background-color has-background-dim-0 has-background-dim\"><\/span><img loading=\"lazy\" decoding=\"async\" width=\"1920\" height=\"1080\" class=\"wp-block-cover__image-background wp-image-478\" alt=\"\" src=\"https:\/\/brilliantmindsforce.com\/wp-content\/uploads\/2024\/04\/dark-backdrop.png\" data-object-fit=\"cover\" srcset=\"https:\/\/brilliantmindsforce.com\/wp-content\/uploads\/2024\/04\/dark-backdrop.png 1920w, https:\/\/brilliantmindsforce.com\/wp-content\/uploads\/2024\/04\/dark-backdrop-300x169.png 300w, https:\/\/brilliantmindsforce.com\/wp-content\/uploads\/2024\/04\/dark-backdrop-1024x576.png 1024w, https:\/\/brilliantmindsforce.com\/wp-content\/uploads\/2024\/04\/dark-backdrop-768x432.png 768w, https:\/\/brilliantmindsforce.com\/wp-content\/uploads\/2024\/04\/dark-backdrop-1536x864.png 1536w, https:\/\/brilliantmindsforce.com\/wp-content\/uploads\/2024\/04\/dark-backdrop-18x10.png 18w\" sizes=\"(max-width: 1920px) 100vw, 1920px\" \/><div class=\"wp-block-cover__inner-container has-global-padding is-layout-constrained wp-container-core-cover-is-layout-1 wp-block-cover-is-layout-constrained\">\n<h1 class=\"wp-block-heading has-text-align-center has-large-font-size\">Conditions d'utilisation<\/h1>\n<\/div><\/div>\n\n\n\n<div class=\"wp-block-group has-global-padding is-layout-constrained wp-container-core-group-is-layout-2 wp-block-group-is-layout-constrained\" style=\"margin-top:var(--wp--preset--spacing--50);margin-bottom:var(--wp--preset--spacing--50)\">\n<p style=\"font-style:normal;font-weight:700\">Date d'entr\u00e9e en vigueur : 1er juin<sup>st<\/sup>, 2024<\/p>\n\n\n\n<h2 class=\"wp-block-heading\">1. Acceptation des conditions<\/h2>\n\n\n\n<p>Bienvenue sur le site web de Brilliant Minds Force, LLC (\"l'entreprise\", \"nous\", \"notre\", \"nos\"). En acc\u00e9dant \u00e0 notre site web et en l'utilisant, vous acceptez de vous conformer aux pr\u00e9sentes conditions d'utilisation (\"conditions\") et d'\u00eatre li\u00e9 par elles. Si vous n'acceptez pas ces conditions, vous ne devez pas utiliser notre site web.<\/p>\n\n\n\n<h2 class=\"wp-block-heading\">2. Modifications des conditions<\/h2>\n\n\n\n<p>Nous nous r\u00e9servons le droit de modifier les pr\u00e9sentes conditions \u00e0 tout moment. Toute modification entrera en vigueur d\u00e8s sa publication sur le site web. En continuant \u00e0 utiliser le site web apr\u00e8s toute modification, vous acceptez les nouvelles conditions. Nous vous encourageons \u00e0 consulter r\u00e9guli\u00e8rement les conditions.<\/p>\n\n\n\n<h2 class=\"wp-block-heading\">3. Utilisation du site web<\/h2>\n\n\n\n<h3 class=\"wp-block-heading\">3.1 \u00c9ligibilit\u00e9<\/h3>\n\n\n\n<p>Vous devez \u00eatre \u00e2g\u00e9 d'au moins 18 ans pour utiliser notre site web. En utilisant le site web, vous d\u00e9clarez et garantissez que vous remplissez cette condition d'\u00e9ligibilit\u00e9.<\/p>\n\n\n\n<h3 class=\"wp-block-heading\">3.2 Comportement de l'utilisateur<\/h3>\n\n\n\n<p>Vous acceptez de ne pas utiliser le site web \u00e0 des fins ill\u00e9gales ou d'une mani\u00e8re qui pourrait nuire au site web ou \u00e0 l'utilisation qu'en font d'autres personnes. En particulier, vous acceptez de ne pas<\/p>\n\n\n\n<ul class=\"wp-block-list\">\n<li>violer toute loi ou r\u00e9glementation applicable.<\/li>\n\n\n\n<li>enfreindre les droits de propri\u00e9t\u00e9 intellectuelle ou les droits \u00e0 la vie priv\u00e9e.<\/li>\n\n\n\n<li>Transmettre tout code ou contenu nuisible ou perturbateur.<\/li>\n\n\n\n<li>S'engager dans toute activit\u00e9 susceptible d'endommager, de d\u00e9sactiver ou d'alt\u00e9rer le site web.<\/li>\n<\/ul>\n\n\n\n<h2 class=\"wp-block-heading\">4. Propri\u00e9t\u00e9 intellectuelle<\/h2>\n\n\n\n<p>Le contenu de notre site web, y compris les textes, les graphiques, les images, les logos et les logiciels, est la propri\u00e9t\u00e9 de la soci\u00e9t\u00e9 ou de ses conc\u00e9dants de licence et est prot\u00e9g\u00e9 par les lois sur les droits d'auteur, les marques commerciales et d'autres lois sur la propri\u00e9t\u00e9 intellectuelle. Il est interdit d'utiliser, de reproduire, de distribuer ou de cr\u00e9er des \u0153uvres d\u00e9riv\u00e9es de ce contenu sans notre autorisation \u00e9crite expresse.<\/p>\n\n\n\n<h2 class=\"wp-block-heading\">5. Comptes d'utilisateurs<\/h2>\n\n\n\n<p>Si vous cr\u00e9ez un compte sur notre site web, vous \u00eates responsable du maintien de la confidentialit\u00e9 des informations relatives \u00e0 votre compte et de toutes les activit\u00e9s qui s'y d\u00e9roulent. Vous acceptez de nous informer imm\u00e9diatement de toute utilisation non autoris\u00e9e de votre compte ou de toute autre violation de la s\u00e9curit\u00e9. Nous ne sommes pas responsables des pertes ou dommages r\u00e9sultant de votre incapacit\u00e9 \u00e0 prot\u00e9ger les informations de votre compte.<\/p>\n\n\n\n<h2 class=\"wp-block-heading\">6. Liens avec des tiers<\/h2>\n\n\n\n<p>Notre site web peut contenir des liens vers des sites web de tiers. Ces liens ne sont fournis que pour votre commodit\u00e9. Nous n'approuvons pas, ne contr\u00f4lons pas et ne surveillons pas ces sites web et ne sommes pas responsables de leur contenu ou de leurs pratiques. Vous utilisez les sites web de tiers \u00e0 vos propres risques.<\/p>\n\n\n\n<h2 class=\"wp-block-heading\">7. Clauses de non-responsabilit\u00e9 et limitation de la responsabilit\u00e9<\/h2>\n\n\n\n<h3 class=\"wp-block-heading\">7.1 Clause de non-responsabilit\u00e9<\/h3>\n\n\n\n<p>Notre site web est fourni \"en l'\u00e9tat\" et \"tel que disponible\" sans aucune garantie d'aucune sorte, qu'elle soit expresse ou implicite. Nous ne garantissons pas que le site web sera ininterrompu ou exempt d'erreurs, que les d\u00e9fauts seront corrig\u00e9s ou que le site web est exempt de virus ou d'autres composants nuisibles.<\/p>\n\n\n\n<h3 class=\"wp-block-heading\">7.2 Limitation de la responsabilit\u00e9<\/h3>\n\n\n\n<p>Dans toute la mesure permise par la loi, la soci\u00e9t\u00e9, ses filiales et leurs dirigeants, administrateurs, employ\u00e9s et agents respectifs ne seront pas responsables des dommages indirects, accessoires, sp\u00e9ciaux, cons\u00e9cutifs ou punitifs r\u00e9sultant de ou li\u00e9s \u00e0 votre utilisation du site web, m\u00eame si nous avons \u00e9t\u00e9 inform\u00e9s de l'\u00e9ventualit\u00e9 de tels dommages.<\/p>\n\n\n\n<h2 class=\"wp-block-heading\">8. Indemnisation<\/h2>\n\n\n\n<p>Vous acceptez d'indemniser, de d\u00e9fendre et de d\u00e9gager de toute responsabilit\u00e9 la soci\u00e9t\u00e9, ses soci\u00e9t\u00e9s affili\u00e9es et leurs dirigeants, administrateurs, employ\u00e9s et agents respectifs en cas de r\u00e9clamation, de responsabilit\u00e9, de dommages, de jugements, de r\u00e9compenses, de pertes, de co\u00fbts, de d\u00e9penses ou d'honoraires (y compris les honoraires raisonnables d'avocat) r\u00e9sultant de ou li\u00e9s \u00e0 votre violation des pr\u00e9sentes conditions ou \u00e0 votre utilisation du site web.<\/p>\n\n\n\n<h2 class=\"wp-block-heading\">9. Droit applicable et r\u00e8glement des litiges<\/h2>\n\n\n\n<p>Les pr\u00e9sentes conditions et votre utilisation du site web sont r\u00e9gies et interpr\u00e9t\u00e9es conform\u00e9ment aux lois de l'\u00c9tat de Floride, \u00c9tats-Unis d'Am\u00e9rique, sans tenir compte des principes de conflit de lois. Tout litige d\u00e9coulant des pr\u00e9sentes conditions ou en rapport avec celles-ci sera r\u00e9solu exclusivement par un arbitrage contraignant \u00e0 Miami, en Floride, sauf si l'une ou l'autre des parties peut demander une injonction ou d'autres mesures \u00e9quitables \u00e0 un tribunal de la juridiction comp\u00e9tente.<\/p>\n\n\n\n<h2 class=\"wp-block-heading\">10. Divers et vari\u00e9s<\/h2>\n\n\n\n<h3 class=\"wp-block-heading\">10.1 Int\u00e9gralit\u00e9 de l'accord<\/h3>\n\n\n\n<p>Les pr\u00e9sentes conditions constituent l'int\u00e9gralit\u00e9 de l'accord entre vous et la soci\u00e9t\u00e9 concernant votre utilisation du site web et remplacent tous les accords et arrangements ant\u00e9rieurs.<\/p>\n\n\n\n<h3 class=\"wp-block-heading\">10.2 Divisibilit\u00e9<\/h3>\n\n\n\n<p>Si l'une des dispositions des pr\u00e9sentes conditions est jug\u00e9e invalide ou inapplicable, les autres dispositions resteront pleinement en vigueur.<\/p>\n\n\n\n<h3 class=\"wp-block-heading\">10.3 Renonciation<\/h3>\n\n\n\n<p>Le fait que nous n'appliquions pas un droit ou une disposition des pr\u00e9sentes conditions ne sera pas consid\u00e9r\u00e9 comme une renonciation \u00e0 ces droits.<\/p>\n\n\n\n<h2 class=\"wp-block-heading\">11. Nous contacter<\/h2>\n\n\n\n<p>Si vous avez des questions ou des commentaires sur les pr\u00e9sentes conditions, vous pouvez nous contacter \u00e0 l'adresse suivante<\/p>\n\n\n\n<div class=\"wp-block-group has-global-padding is-layout-constrained wp-container-core-group-is-layout-1 wp-block-group-is-layout-constrained\">\n<p>Brilliant Minds Force, LLC<\/p>\n\n\n\n<p>6303 Blue Lagoon Drive - Suite 400<\/p>\n\n\n\n<p>Miami, FL 33126<\/p>\n\n\n\n<p>info@brilliantmindsforce.com<\/p>\n<\/div>\n<\/div>","protected":false},"excerpt":{"rendered":"<p>Effective Date: June 1st, 2024 1. Acceptance of Terms Welcome to the website of Brilliant Minds Force, LLC (&#8220;Company&#8221;, &#8220;we&#8221;, &#8220;our&#8221;, &#8220;us&#8221;). By accessing and using our website, you agree to comply with and be bound by these Terms of Use (&#8220;Terms&#8221;). If you do not agree to these Terms, you must not use our [&hellip;]<\/p>\n","protected":false},"author":1,"featured_media":0,"parent":0,"menu_order":0,"comment_status":"closed","ping_status":"closed","template":"","meta":{"kia_subtitle":"","footnotes":""},"class_list":["post-29","page","type-page","status-publish","hentry"],"yoast_head":"<!-- This site is optimized with the Yoast SEO plugin v25.6 - https:\/\/yoast.com\/wordpress\/plugins\/seo\/ -->\n<title>Terms of Use - Brilliant Minds Force<\/title>\n<meta name=\"robots\" content=\"index, follow, max-snippet:-1, max-image-preview:large, max-video-preview:-1\" \/>\n<link rel=\"canonical\" href=\"https:\/\/brilliantmindsforce.com\/fr\/conditions-dutilisation\/\" \/>\n<meta property=\"og:locale\" content=\"fr_FR\" \/>\n<meta property=\"og:type\" content=\"article\" \/>\n<meta property=\"og:title\" content=\"Terms of Use - Brilliant Minds Force\" \/>\n<meta property=\"og:description\" content=\"Effective Date: June 1st, 2024 1. Acceptance of Terms Welcome to the website of Brilliant Minds Force, LLC (&#8220;Company&#8221;, &#8220;we&#8221;, &#8220;our&#8221;, &#8220;us&#8221;). By accessing and using our website, you agree to comply with and be bound by these Terms of Use (&#8220;Terms&#8221;). If you do not agree to these Terms, you must not use our [&hellip;]\" \/>\n<meta property=\"og:url\" content=\"https:\/\/brilliantmindsforce.com\/fr\/conditions-dutilisation\/\" \/>\n<meta property=\"og:site_name\" content=\"Brilliant Minds Force\" \/>\n<meta property=\"article:modified_time\" content=\"2024-06-03T16:54:57+00:00\" \/>\n<meta property=\"og:image\" content=\"https:\/\/brilliantmindsforce.com\/wp-content\/uploads\/2024\/04\/dark-backdrop.png\" \/>\n<meta name=\"twitter:card\" content=\"summary_large_image\" \/>\n<meta name=\"twitter:label1\" content=\"Dur\u00e9e de lecture estim\u00e9e\" \/>\n\t<meta name=\"twitter:data1\" content=\"4 minutes\" \/>\n<script type=\"application\/ld+json\" class=\"yoast-schema-graph\">{\"@context\":\"https:\/\/schema.org\",\"@graph\":[{\"@type\":\"WebPage\",\"@id\":\"https:\/\/brilliantmindsforce.com\/terms-of-use\/\",\"url\":\"https:\/\/brilliantmindsforce.com\/terms-of-use\/\",\"name\":\"Terms of Use - Brilliant Minds Force\",\"isPartOf\":{\"@id\":\"https:\/\/brilliantmindsforce.com\/#website\"},\"primaryImageOfPage\":{\"@id\":\"https:\/\/brilliantmindsforce.com\/terms-of-use\/#primaryimage\"},\"image\":{\"@id\":\"https:\/\/brilliantmindsforce.com\/terms-of-use\/#primaryimage\"},\"thumbnailUrl\":\"https:\/\/brilliantmindsforce.com\/wp-content\/uploads\/2024\/04\/dark-backdrop.png\",\"datePublished\":\"2024-04-23T00:38:40+00:00\",\"dateModified\":\"2024-06-03T16:54:57+00:00\",\"breadcrumb\":{\"@id\":\"https:\/\/brilliantmindsforce.com\/terms-of-use\/#breadcrumb\"},\"inLanguage\":\"fr-FR\",\"potentialAction\":[{\"@type\":\"ReadAction\",\"target\":[\"https:\/\/brilliantmindsforce.com\/terms-of-use\/\"]}]},{\"@type\":\"ImageObject\",\"inLanguage\":\"fr-FR\",\"@id\":\"https:\/\/brilliantmindsforce.com\/terms-of-use\/#primaryimage\",\"url\":\"https:\/\/brilliantmindsforce.com\/wp-content\/uploads\/2024\/04\/dark-backdrop.png\",\"contentUrl\":\"https:\/\/brilliantmindsforce.com\/wp-content\/uploads\/2024\/04\/dark-backdrop.png\"},{\"@type\":\"BreadcrumbList\",\"@id\":\"https:\/\/brilliantmindsforce.com\/terms-of-use\/#breadcrumb\",\"itemListElement\":[{\"@type\":\"ListItem\",\"position\":1,\"name\":\"Home\",\"item\":\"https:\/\/brilliantmindsforce.com\/\"},{\"@type\":\"ListItem\",\"position\":2,\"name\":\"Terms of Use\"}]},{\"@type\":\"WebSite\",\"@id\":\"https:\/\/brilliantmindsforce.com\/#website\",\"url\":\"https:\/\/brilliantmindsforce.com\/\",\"name\":\"Brilliant Minds Force\",\"description\":\"Connecting Education To Industry\",\"publisher\":{\"@id\":\"https:\/\/brilliantmindsforce.com\/#organization\"},\"potentialAction\":[{\"@type\":\"SearchAction\",\"target\":{\"@type\":\"EntryPoint\",\"urlTemplate\":\"https:\/\/brilliantmindsforce.com\/?s={search_term_string}\"},\"query-input\":{\"@type\":\"PropertyValueSpecification\",\"valueRequired\":true,\"valueName\":\"search_term_string\"}}],\"inLanguage\":\"fr-FR\"},{\"@type\":\"Organization\",\"@id\":\"https:\/\/brilliantmindsforce.com\/#organization\",\"name\":\"Brilliant Minds Force\",\"url\":\"https:\/\/brilliantmindsforce.com\/\",\"logo\":{\"@type\":\"ImageObject\",\"inLanguage\":\"fr-FR\",\"@id\":\"https:\/\/brilliantmindsforce.com\/#\/schema\/logo\/image\/\",\"url\":\"https:\/\/brilliantmindsforce.com\/wp-content\/uploads\/2024\/04\/Logo.jpg\",\"contentUrl\":\"https:\/\/brilliantmindsforce.com\/wp-content\/uploads\/2024\/04\/Logo.jpg\",\"width\":300,\"height\":150,\"caption\":\"Brilliant Minds Force\"},\"image\":{\"@id\":\"https:\/\/brilliantmindsforce.com\/#\/schema\/logo\/image\/\"}}]}<\/script>\n<!-- \/ Yoast SEO plugin. -->","yoast_head_json":{"title":"Conditions d'utilisation - Brilliant Minds Force","robots":{"index":"index","follow":"follow","max-snippet":"max-snippet:-1","max-image-preview":"max-image-preview:large","max-video-preview":"max-video-preview:-1"},"canonical":"https:\/\/brilliantmindsforce.com\/fr\/conditions-dutilisation\/","og_locale":"fr_FR","og_type":"article","og_title":"Terms of Use - Brilliant Minds Force","og_description":"Effective Date: June 1st, 2024 1. Acceptance of Terms Welcome to the website of Brilliant Minds Force, LLC (&#8220;Company&#8221;, &#8220;we&#8221;, &#8220;our&#8221;, &#8220;us&#8221;). By accessing and using our website, you agree to comply with and be bound by these Terms of Use (&#8220;Terms&#8221;). If you do not agree to these Terms, you must not use our [&hellip;]","og_url":"https:\/\/brilliantmindsforce.com\/fr\/conditions-dutilisation\/","og_site_name":"Brilliant Minds Force","article_modified_time":"2024-06-03T16:54:57+00:00","og_image":[{"url":"https:\/\/brilliantmindsforce.com\/wp-content\/uploads\/2024\/04\/dark-backdrop.png","type":"","width":"","height":""}],"twitter_card":"summary_large_image","twitter_misc":{"Dur\u00e9e de lecture estim\u00e9e":"4 minutes"},"schema":{"@context":"https:\/\/schema.org","@graph":[{"@type":"WebPage","@id":"https:\/\/brilliantmindsforce.com\/terms-of-use\/","url":"https:\/\/brilliantmindsforce.com\/terms-of-use\/","name":"Conditions d'utilisation - Brilliant Minds Force","isPartOf":{"@id":"https:\/\/brilliantmindsforce.com\/#website"},"primaryImageOfPage":{"@id":"https:\/\/brilliantmindsforce.com\/terms-of-use\/#primaryimage"},"image":{"@id":"https:\/\/brilliantmindsforce.com\/terms-of-use\/#primaryimage"},"thumbnailUrl":"https:\/\/brilliantmindsforce.com\/wp-content\/uploads\/2024\/04\/dark-backdrop.png","datePublished":"2024-04-23T00:38:40+00:00","dateModified":"2024-06-03T16:54:57+00:00","breadcrumb":{"@id":"https:\/\/brilliantmindsforce.com\/terms-of-use\/#breadcrumb"},"inLanguage":"fr-FR","potentialAction":[{"@type":"ReadAction","target":["https:\/\/brilliantmindsforce.com\/terms-of-use\/"]}]},{"@type":"ImageObject","inLanguage":"fr-FR","@id":"https:\/\/brilliantmindsforce.com\/terms-of-use\/#primaryimage","url":"https:\/\/brilliantmindsforce.com\/wp-content\/uploads\/2024\/04\/dark-backdrop.png","contentUrl":"https:\/\/brilliantmindsforce.com\/wp-content\/uploads\/2024\/04\/dark-backdrop.png"},{"@type":"BreadcrumbList","@id":"https:\/\/brilliantmindsforce.com\/terms-of-use\/#breadcrumb","itemListElement":[{"@type":"ListItem","position":1,"name":"Home","item":"https:\/\/brilliantmindsforce.com\/"},{"@type":"ListItem","position":2,"name":"Terms of Use"}]},{"@type":"WebSite","@id":"https:\/\/brilliantmindsforce.com\/#website","url":"https:\/\/brilliantmindsforce.com\/","name":"La force des esprits brillants","description":"Connecter l'\u00e9ducation \u00e0 l'industrie","publisher":{"@id":"https:\/\/brilliantmindsforce.com\/#organization"},"potentialAction":[{"@type":"SearchAction","target":{"@type":"EntryPoint","urlTemplate":"https:\/\/brilliantmindsforce.com\/?s={search_term_string}"},"query-input":{"@type":"PropertyValueSpecification","valueRequired":true,"valueName":"search_term_string"}}],"inLanguage":"fr-FR"},{"@type":"Organization","@id":"https:\/\/brilliantmindsforce.com\/#organization","name":"La force des esprits brillants","url":"https:\/\/brilliantmindsforce.com\/","logo":{"@type":"ImageObject","inLanguage":"fr-FR","@id":"https:\/\/brilliantmindsforce.com\/#\/schema\/logo\/image\/","url":"https:\/\/brilliantmindsforce.com\/wp-content\/uploads\/2024\/04\/Logo.jpg","contentUrl":"https:\/\/brilliantmindsforce.com\/wp-content\/uploads\/2024\/04\/Logo.jpg","width":300,"height":150,"caption":"Brilliant Minds Force"},"image":{"@id":"https:\/\/brilliantmindsforce.com\/#\/schema\/logo\/image\/"}}]}},"_links":{"self":[{"href":"https:\/\/brilliantmindsforce.com\/fr\/wp-json\/wp\/v2\/pages\/29"}],"collection":[{"href":"https:\/\/brilliantmindsforce.com\/fr\/wp-json\/wp\/v2\/pages"}],"about":[{"href":"https:\/\/brilliantmindsforce.com\/fr\/wp-json\/wp\/v2\/types\/page"}],"author":[{"embeddable":true,"href":"https:\/\/brilliantmindsforce.com\/fr\/wp-json\/wp\/v2\/users\/1"}],"replies":[{"embeddable":true,"href":"https:\/\/brilliantmindsforce.com\/fr\/wp-json\/wp\/v2\/comments?post=29"}],"version-history":[{"count":2,"href":"https:\/\/brilliantmindsforce.com\/fr\/wp-json\/wp\/v2\/pages\/29\/revisions"}],"predecessor-version":[{"id":990,"href":"https:\/\/brilliantmindsforce.com\/fr\/wp-json\/wp\/v2\/pages\/29\/revisions\/990"}],"wp:attachment":[{"href":"https:\/\/brilliantmindsforce.com\/fr\/wp-json\/wp\/v2\/media?parent=29"}],"curies":[{"name":"wp","href":"https:\/\/api.w.org\/{rel}","templated":true}]}}