{"id":538,"date":"2024-05-02T15:50:24","date_gmt":"2024-05-02T15:50:24","guid":{"rendered":"https:\/\/brilliantmindsforce.com\/?page_id=538"},"modified":"2024-05-07T19:39:44","modified_gmt":"2024-05-07T19:39:44","slug":"education","status":"publish","type":"page","link":"https:\/\/brilliantmindsforce.com\/es\/productos\/educacion\/","title":{"rendered":"Educaci\u00f3n"},"content":{"rendered":"<div class=\"wp-block-group is-layout-flow wp-container-core-group-is-layout-7 wp-block-group-is-layout-flow\">\n<div class=\"wp-block-cover wp-duotone-unset-1\"><span aria-hidden=\"true\" class=\"wp-block-cover__background has-background-dim-70 has-background-dim\" style=\"background-color:#01182d\"><\/span><img loading=\"lazy\" decoding=\"async\" width=\"1000\" height=\"667\" class=\"wp-block-cover__image-background wp-image-544\" alt=\"\" src=\"https:\/\/brilliantmindsforce.com\/wp-content\/uploads\/2024\/05\/image1.webp\" style=\"object-position:58% 35%\" data-object-fit=\"cover\" data-object-position=\"58% 35%\" srcset=\"https:\/\/brilliantmindsforce.com\/wp-content\/uploads\/2024\/05\/image1.webp 1000w, https:\/\/brilliantmindsforce.com\/wp-content\/uploads\/2024\/05\/image1-300x200.webp 300w, https:\/\/brilliantmindsforce.com\/wp-content\/uploads\/2024\/05\/image1-768x512.webp 768w, https:\/\/brilliantmindsforce.com\/wp-content\/uploads\/2024\/05\/image1-18x12.webp 18w\" sizes=\"(max-width: 1000px) 100vw, 1000px\" \/><div class=\"wp-block-cover__inner-container is-layout-flow wp-block-cover-is-layout-flow\">\n<div class=\"wp-block-group has-global-padding is-layout-constrained wp-container-core-group-is-layout-2 wp-block-group-is-layout-constrained\" style=\"padding-top:var(--wp--preset--spacing--50);padding-right:var(--wp--preset--spacing--50);padding-bottom:var(--wp--preset--spacing--50);padding-left:var(--wp--preset--spacing--50)\">\n<div class=\"wp-block-group is-content-justification-left is-nowrap is-layout-flex wp-container-core-group-is-layout-1 wp-block-group-is-layout-flex\" style=\"padding-top:0;padding-bottom:0\">\n<div class=\"wp-block-bmfdev-bmf-spacer has-luminous-vivid-orange-background-color has-background\" style=\"margin-top:0;margin-bottom:0;padding-top:var(--wp--preset--spacing--70);padding-right:0.3rem;padding-bottom:var(--wp--preset--spacing--70);padding-left:0.3rem\"><\/div>\n\n\n\n<h1 class=\"wp-block-heading has-text-align-left has-large-font-size\">LAS TRES CATEGOR\u00cdAS ERP-CRM<\/h1>\n<\/div>\n\n\n\n<p>El objetivo principal del \u201cLaboratorio de Operaciones y Negocios Din\u00e1micos\u201d (DBOL) es cerrar la brecha entre la academia y la industria. Proporcionar\u00e1 a los estudiantes una experiencia realista de trabajar en varias empresas de diferentes industrias. Al crear un marco para una estructura organizacional, el DBOL permitir\u00e1 a los estudiantes aplicar el conocimiento adquirido a lo largo de sus carreras acad\u00e9micas de manera efectiva en sus nuevos roles. Esta iniciativa tiene como objetivo reducir significativamente el per\u00edodo de adaptaci\u00f3n de los estudiantes cuando comienzan a trabajar.<\/p>\n\n\n\n<p>Este DBOL basado en la web est\u00e1 dise\u00f1ado para ofrecer a los estudiantes (en persona y\/o en l\u00ednea) un entorno educativo integral y funcional. Este laboratorio fomentar\u00e1 el aprendizaje pr\u00e1ctico y la aplicaci\u00f3n de conceptos relacionados con los procesos comerciales, de gesti\u00f3n y operativos en las siguientes carreras:<\/p>\n<\/div>\n<\/div><\/div>\n\n\n\n<div class=\"wp-block-group is-layout-flow wp-block-group-is-layout-flow has-background\" style=\"padding-top:var(--wp--preset--spacing--50);padding-right:var(--wp--preset--spacing--50);padding-bottom:var(--wp--preset--spacing--50);padding-left:var(--wp--preset--spacing--50);background-image:url(&#039;https:\/\/brilliantmindsforce.com\/wp-content\/uploads\/2024\/05\/grey-yellow-backdrop.png&#039;);background-size:cover;\">\n<div class=\"wp-block-media-text is-stacked-on-mobile is-image-fill has-white-color has-vivid-red-background-color has-text-color has-background has-link-color wp-elements-a028e47918b143c7da197f3d9e2a624b\" style=\"margin-right:var(--wp--preset--spacing--50);margin-left:var(--wp--preset--spacing--50);padding-top:0;padding-right:0;padding-bottom:0;padding-left:0\"><figure class=\"wp-block-media-text__media\" style=\"background-image:url(https:\/\/brilliantmindsforce.com\/wp-content\/uploads\/2024\/05\/tradebusiness-1024x683.webp);background-position:50% 50%\"><img loading=\"lazy\" decoding=\"async\" width=\"1024\" height=\"683\" src=\"https:\/\/brilliantmindsforce.com\/wp-content\/uploads\/2024\/05\/tradebusiness-1024x683.webp\" alt=\"\" class=\"wp-image-555 size-full\" srcset=\"https:\/\/brilliantmindsforce.com\/wp-content\/uploads\/2024\/05\/tradebusiness-1024x683.webp 1024w, https:\/\/brilliantmindsforce.com\/wp-content\/uploads\/2024\/05\/tradebusiness-300x200.webp 300w, https:\/\/brilliantmindsforce.com\/wp-content\/uploads\/2024\/05\/tradebusiness-768x512.webp 768w, https:\/\/brilliantmindsforce.com\/wp-content\/uploads\/2024\/05\/tradebusiness-1536x1024.webp 1536w, https:\/\/brilliantmindsforce.com\/wp-content\/uploads\/2024\/05\/tradebusiness-2048x1365.webp 2048w, https:\/\/brilliantmindsforce.com\/wp-content\/uploads\/2024\/05\/tradebusiness-18x12.webp 18w\" sizes=\"(max-width: 1024px) 100vw, 1024px\" \/><\/figure><div class=\"wp-block-media-text__content\">\n<div class=\"wp-block-group has-global-padding is-layout-constrained wp-container-core-group-is-layout-3 wp-block-group-is-layout-constrained\" style=\"margin-top:var(--wp--preset--spacing--50);margin-bottom:var(--wp--preset--spacing--50);padding-top:var(--wp--preset--spacing--50);padding-right:var(--wp--preset--spacing--50);padding-bottom:var(--wp--preset--spacing--50);padding-left:var(--wp--preset--spacing--50)\">\n<h2 class=\"wp-block-heading\">NEGOCIO GENERAL<\/h2>\n\n\n\n<p>En este laboratorio, se presentar\u00e1 a los estudiantes sistemas LMS-ERP-CRM simulados, llev\u00e1ndolos en un viaje a trav\u00e9s de la gesti\u00f3n de negocios reales. Interactuar\u00e1n con diferentes departamentos y comprender\u00e1n su importancia y c\u00f3mo interact\u00faan entre s\u00ed.<\/p>\n\n\n\n<div class=\"wp-block-buttons is-layout-flex wp-block-buttons-is-layout-flex\">\n<div class=\"wp-block-button\"><a class=\"wp-block-button__link wp-element-button\" href=\"https:\/\/brilliantmindsforce.com\/es\/education\/business\/\">Leer m\u00e1s...<\/a><\/div>\n<\/div>\n<\/div>\n<\/div><\/div>\n\n\n\n<div class=\"wp-block-media-text has-media-on-the-right is-stacked-on-mobile is-image-fill has-white-color has-vivid-red-background-color has-text-color has-background has-link-color wp-elements-ab1c25d9a4c3686c478c6a0f409d2ee2\" style=\"margin-right:var(--wp--preset--spacing--50);margin-left:var(--wp--preset--spacing--50);padding-top:0;padding-bottom:0\"><div class=\"wp-block-media-text__content\">\n<div class=\"wp-block-group has-global-padding is-layout-constrained wp-container-core-group-is-layout-4 wp-block-group-is-layout-constrained\" style=\"margin-top:var(--wp--preset--spacing--50);margin-bottom:var(--wp--preset--spacing--50);padding-top:var(--wp--preset--spacing--50);padding-right:var(--wp--preset--spacing--50);padding-bottom:var(--wp--preset--spacing--50);padding-left:var(--wp--preset--spacing--50)\">\n<h2 class=\"wp-block-heading\">NEGOCIO DE COSMETOLOG\u00cdA<\/h2>\n\n\n\n<p>El objetivo principal de este laboratorio es preparar a los estudiantes para carreras exitosas en la industria de la belleza brind\u00e1ndoles una experiencia realista de trabajo en un sal\u00f3n. Este programa crear\u00e1 un marco para comprender las operaciones del sal\u00f3n, permitiendo a los estudiantes aplicar sus conocimientos de manera efectiva en escenarios del mundo real. Los graduados de este programa estar\u00e1n bien equipados con habilidades duras y blandas esenciales.<\/p>\n<\/div>\n<\/div><figure class=\"wp-block-media-text__media\" style=\"background-image:url(https:\/\/brilliantmindsforce.com\/wp-content\/uploads\/2024\/05\/cosmetology-business-1024x683.webp);background-position:30% 50%\"><img loading=\"lazy\" decoding=\"async\" width=\"1024\" height=\"683\" src=\"https:\/\/brilliantmindsforce.com\/wp-content\/uploads\/2024\/05\/cosmetology-business-1024x683.webp\" alt=\"\" class=\"wp-image-569 size-full\" srcset=\"https:\/\/brilliantmindsforce.com\/wp-content\/uploads\/2024\/05\/cosmetology-business-1024x683.webp 1024w, https:\/\/brilliantmindsforce.com\/wp-content\/uploads\/2024\/05\/cosmetology-business-300x200.webp 300w, https:\/\/brilliantmindsforce.com\/wp-content\/uploads\/2024\/05\/cosmetology-business-768x512.webp 768w, https:\/\/brilliantmindsforce.com\/wp-content\/uploads\/2024\/05\/cosmetology-business-1536x1024.webp 1536w, https:\/\/brilliantmindsforce.com\/wp-content\/uploads\/2024\/05\/cosmetology-business-2048x1365.webp 2048w, https:\/\/brilliantmindsforce.com\/wp-content\/uploads\/2024\/05\/cosmetology-business-18x12.webp 18w\" sizes=\"(max-width: 1024px) 100vw, 1024px\" \/><\/figure><\/div>\n\n\n\n<div class=\"wp-block-media-text is-stacked-on-mobile is-image-fill has-white-color has-vivid-red-background-color has-text-color has-background has-link-color wp-elements-749cf67c7437c45acea313593f618488\" style=\"margin-right:var(--wp--preset--spacing--50);margin-left:var(--wp--preset--spacing--50);padding-top:0;padding-right:0;padding-bottom:0;padding-left:0\"><figure class=\"wp-block-media-text__media\" style=\"background-image:url(https:\/\/brilliantmindsforce.com\/wp-content\/uploads\/2024\/05\/trade-1024x806.png);background-position:50% 50%\"><img loading=\"lazy\" decoding=\"async\" width=\"1024\" height=\"806\" src=\"https:\/\/brilliantmindsforce.com\/wp-content\/uploads\/2024\/05\/trade-1024x806.png\" alt=\"\" class=\"wp-image-576 size-full\" srcset=\"https:\/\/brilliantmindsforce.com\/wp-content\/uploads\/2024\/05\/trade-1024x806.png 1024w, https:\/\/brilliantmindsforce.com\/wp-content\/uploads\/2024\/05\/trade-300x236.png 300w, https:\/\/brilliantmindsforce.com\/wp-content\/uploads\/2024\/05\/trade-768x604.png 768w, https:\/\/brilliantmindsforce.com\/wp-content\/uploads\/2024\/05\/trade-15x12.png 15w, https:\/\/brilliantmindsforce.com\/wp-content\/uploads\/2024\/05\/trade.png 1088w\" sizes=\"(max-width: 1024px) 100vw, 1024px\" \/><\/figure><div class=\"wp-block-media-text__content\">\n<div class=\"wp-block-group has-global-padding is-layout-constrained wp-container-core-group-is-layout-5 wp-block-group-is-layout-constrained\" style=\"margin-top:var(--wp--preset--spacing--50);margin-bottom:var(--wp--preset--spacing--50);padding-top:var(--wp--preset--spacing--50);padding-right:var(--wp--preset--spacing--50);padding-bottom:var(--wp--preset--spacing--50);padding-left:var(--wp--preset--spacing--50)\">\n<h2 class=\"wp-block-heading\">NEGOCIOS DE COMERCIO<\/h2>\n\n\n\n<p>El objetivo principal de este laboratorio es equipar a los estudiantes con las habilidades y conocimientos necesarios para carreras florecientes en industrias comerciales, incluidos los sectores automotriz, HVAC y electricista. Al simular un entorno de trabajo del mundo real, este programa sienta una base s\u00f3lida para comprender las operaciones de una empresa comercial, lo que permite a los estudiantes aplicar su aprendizaje directamente en entornos profesionales. Los graduados saldr\u00e1n completamente preparados y poseer\u00e1n tanto la experiencia t\u00e9cnica como las habilidades interpersonales fundamentales para el \u00e9xito en estos campos.<\/p>\n<\/div>\n<\/div><\/div>\n<\/div>\n<\/div>","protected":false},"excerpt":{"rendered":"<p>BUSINESS In this lab, students will be introduced to simulated LMS-ERP-CRM systems, taking them on a journey through the management of real businesses. They will interact with different departments and gain an understanding of their importance and how they interact with one another. COSMETOLOGY BUSINESS The primary objective of this Lab is to prepare students [&hellip;]<\/p>\n","protected":false},"author":1,"featured_media":0,"parent":97,"menu_order":0,"comment_status":"closed","ping_status":"closed","template":"","meta":{"kia_subtitle":"","footnotes":""},"class_list":["post-538","page","type-page","status-publish","hentry"],"yoast_head":"<!-- This site is optimized with the Yoast SEO plugin v25.6 - https:\/\/yoast.com\/wordpress\/plugins\/seo\/ -->\n<title>Education - Brilliant Minds Force<\/title>\n<meta name=\"robots\" content=\"index, follow, max-snippet:-1, max-image-preview:large, max-video-preview:-1\" \/>\n<link rel=\"canonical\" href=\"https:\/\/brilliantmindsforce.com\/es\/productos\/educacion\/\" \/>\n<meta property=\"og:locale\" content=\"es_ES\" \/>\n<meta property=\"og:type\" content=\"article\" \/>\n<meta property=\"og:title\" content=\"Education - Brilliant Minds Force\" \/>\n<meta property=\"og:description\" content=\"BUSINESS In this lab, students will be introduced to simulated LMS-ERP-CRM systems, taking them on a journey through the management of real businesses. They will interact with different departments and gain an understanding of their importance and how they interact with one another. COSMETOLOGY BUSINESS The primary objective of this Lab is to prepare students [&hellip;]\" \/>\n<meta property=\"og:url\" content=\"https:\/\/brilliantmindsforce.com\/es\/productos\/educacion\/\" \/>\n<meta property=\"og:site_name\" content=\"Brilliant Minds Force\" \/>\n<meta property=\"article:modified_time\" content=\"2024-05-07T19:39:44+00:00\" \/>\n<meta property=\"og:image\" content=\"https:\/\/brilliantmindsforce.com\/wp-content\/uploads\/2024\/05\/image1.webp\" \/>\n<meta name=\"twitter:card\" content=\"summary_large_image\" \/>\n<meta name=\"twitter:label1\" content=\"Tiempo de lectura\" \/>\n\t<meta name=\"twitter:data1\" content=\"3 minutos\" \/>\n<script type=\"application\/ld+json\" class=\"yoast-schema-graph\">{\"@context\":\"https:\/\/schema.org\",\"@graph\":[{\"@type\":\"WebPage\",\"@id\":\"https:\/\/brilliantmindsforce.com\/products\/education\/\",\"url\":\"https:\/\/brilliantmindsforce.com\/products\/education\/\",\"name\":\"Education - Brilliant Minds Force\",\"isPartOf\":{\"@id\":\"https:\/\/brilliantmindsforce.com\/#website\"},\"primaryImageOfPage\":{\"@id\":\"https:\/\/brilliantmindsforce.com\/products\/education\/#primaryimage\"},\"image\":{\"@id\":\"https:\/\/brilliantmindsforce.com\/products\/education\/#primaryimage\"},\"thumbnailUrl\":\"https:\/\/brilliantmindsforce.com\/wp-content\/uploads\/2024\/05\/image1.webp\",\"datePublished\":\"2024-05-02T15:50:24+00:00\",\"dateModified\":\"2024-05-07T19:39:44+00:00\",\"breadcrumb\":{\"@id\":\"https:\/\/brilliantmindsforce.com\/products\/education\/#breadcrumb\"},\"inLanguage\":\"es\",\"potentialAction\":[{\"@type\":\"ReadAction\",\"target\":[\"https:\/\/brilliantmindsforce.com\/products\/education\/\"]}]},{\"@type\":\"ImageObject\",\"inLanguage\":\"es\",\"@id\":\"https:\/\/brilliantmindsforce.com\/products\/education\/#primaryimage\",\"url\":\"https:\/\/brilliantmindsforce.com\/wp-content\/uploads\/2024\/05\/image1.webp\",\"contentUrl\":\"https:\/\/brilliantmindsforce.com\/wp-content\/uploads\/2024\/05\/image1.webp\"},{\"@type\":\"BreadcrumbList\",\"@id\":\"https:\/\/brilliantmindsforce.com\/products\/education\/#breadcrumb\",\"itemListElement\":[{\"@type\":\"ListItem\",\"position\":1,\"name\":\"Home\",\"item\":\"https:\/\/brilliantmindsforce.com\/\"},{\"@type\":\"ListItem\",\"position\":2,\"name\":\"Products\",\"item\":\"https:\/\/brilliantmindsforce.com\/products\/\"},{\"@type\":\"ListItem\",\"position\":3,\"name\":\"Education\"}]},{\"@type\":\"WebSite\",\"@id\":\"https:\/\/brilliantmindsforce.com\/#website\",\"url\":\"https:\/\/brilliantmindsforce.com\/\",\"name\":\"Brilliant Minds Force\",\"description\":\"Connecting Education To Industry\",\"publisher\":{\"@id\":\"https:\/\/brilliantmindsforce.com\/#organization\"},\"potentialAction\":[{\"@type\":\"SearchAction\",\"target\":{\"@type\":\"EntryPoint\",\"urlTemplate\":\"https:\/\/brilliantmindsforce.com\/?s={search_term_string}\"},\"query-input\":{\"@type\":\"PropertyValueSpecification\",\"valueRequired\":true,\"valueName\":\"search_term_string\"}}],\"inLanguage\":\"es\"},{\"@type\":\"Organization\",\"@id\":\"https:\/\/brilliantmindsforce.com\/#organization\",\"name\":\"Brilliant Minds Force\",\"url\":\"https:\/\/brilliantmindsforce.com\/\",\"logo\":{\"@type\":\"ImageObject\",\"inLanguage\":\"es\",\"@id\":\"https:\/\/brilliantmindsforce.com\/#\/schema\/logo\/image\/\",\"url\":\"https:\/\/brilliantmindsforce.com\/wp-content\/uploads\/2024\/04\/Logo.jpg\",\"contentUrl\":\"https:\/\/brilliantmindsforce.com\/wp-content\/uploads\/2024\/04\/Logo.jpg\",\"width\":300,\"height\":150,\"caption\":\"Brilliant Minds Force\"},\"image\":{\"@id\":\"https:\/\/brilliantmindsforce.com\/#\/schema\/logo\/image\/\"}}]}<\/script>\n<!-- \/ Yoast SEO plugin. -->","yoast_head_json":{"title":"Educaci\u00f3n - Brilliant Minds Force","robots":{"index":"index","follow":"follow","max-snippet":"max-snippet:-1","max-image-preview":"max-image-preview:large","max-video-preview":"max-video-preview:-1"},"canonical":"https:\/\/brilliantmindsforce.com\/es\/productos\/educacion\/","og_locale":"es_ES","og_type":"article","og_title":"Education - Brilliant Minds Force","og_description":"BUSINESS In this lab, students will be introduced to simulated LMS-ERP-CRM systems, taking them on a journey through the management of real businesses. They will interact with different departments and gain an understanding of their importance and how they interact with one another. COSMETOLOGY BUSINESS The primary objective of this Lab is to prepare students [&hellip;]","og_url":"https:\/\/brilliantmindsforce.com\/es\/productos\/educacion\/","og_site_name":"Brilliant Minds Force","article_modified_time":"2024-05-07T19:39:44+00:00","og_image":[{"url":"https:\/\/brilliantmindsforce.com\/wp-content\/uploads\/2024\/05\/image1.webp","type":"","width":"","height":""}],"twitter_card":"summary_large_image","twitter_misc":{"Tiempo de lectura":"3 minutos"},"schema":{"@context":"https:\/\/schema.org","@graph":[{"@type":"WebPage","@id":"https:\/\/brilliantmindsforce.com\/products\/education\/","url":"https:\/\/brilliantmindsforce.com\/products\/education\/","name":"Educaci\u00f3n - Brilliant Minds Force","isPartOf":{"@id":"https:\/\/brilliantmindsforce.com\/#website"},"primaryImageOfPage":{"@id":"https:\/\/brilliantmindsforce.com\/products\/education\/#primaryimage"},"image":{"@id":"https:\/\/brilliantmindsforce.com\/products\/education\/#primaryimage"},"thumbnailUrl":"https:\/\/brilliantmindsforce.com\/wp-content\/uploads\/2024\/05\/image1.webp","datePublished":"2024-05-02T15:50:24+00:00","dateModified":"2024-05-07T19:39:44+00:00","breadcrumb":{"@id":"https:\/\/brilliantmindsforce.com\/products\/education\/#breadcrumb"},"inLanguage":"es","potentialAction":[{"@type":"ReadAction","target":["https:\/\/brilliantmindsforce.com\/products\/education\/"]}]},{"@type":"ImageObject","inLanguage":"es","@id":"https:\/\/brilliantmindsforce.com\/products\/education\/#primaryimage","url":"https:\/\/brilliantmindsforce.com\/wp-content\/uploads\/2024\/05\/image1.webp","contentUrl":"https:\/\/brilliantmindsforce.com\/wp-content\/uploads\/2024\/05\/image1.webp"},{"@type":"BreadcrumbList","@id":"https:\/\/brilliantmindsforce.com\/products\/education\/#breadcrumb","itemListElement":[{"@type":"ListItem","position":1,"name":"Home","item":"https:\/\/brilliantmindsforce.com\/"},{"@type":"ListItem","position":2,"name":"Products","item":"https:\/\/brilliantmindsforce.com\/products\/"},{"@type":"ListItem","position":3,"name":"Education"}]},{"@type":"WebSite","@id":"https:\/\/brilliantmindsforce.com\/#website","url":"https:\/\/brilliantmindsforce.com\/","name":"Brilliant Minds Force","description":"Conectar la educaci\u00f3n con la industria","publisher":{"@id":"https:\/\/brilliantmindsforce.com\/#organization"},"potentialAction":[{"@type":"SearchAction","target":{"@type":"EntryPoint","urlTemplate":"https:\/\/brilliantmindsforce.com\/?s={search_term_string}"},"query-input":{"@type":"PropertyValueSpecification","valueRequired":true,"valueName":"search_term_string"}}],"inLanguage":"es"},{"@type":"Organization","@id":"https:\/\/brilliantmindsforce.com\/#organization","name":"Brilliant Minds Force","url":"https:\/\/brilliantmindsforce.com\/","logo":{"@type":"ImageObject","inLanguage":"es","@id":"https:\/\/brilliantmindsforce.com\/#\/schema\/logo\/image\/","url":"https:\/\/brilliantmindsforce.com\/wp-content\/uploads\/2024\/04\/Logo.jpg","contentUrl":"https:\/\/brilliantmindsforce.com\/wp-content\/uploads\/2024\/04\/Logo.jpg","width":300,"height":150,"caption":"Brilliant Minds Force"},"image":{"@id":"https:\/\/brilliantmindsforce.com\/#\/schema\/logo\/image\/"}}]}},"_links":{"self":[{"href":"https:\/\/brilliantmindsforce.com\/es\/wp-json\/wp\/v2\/pages\/538"}],"collection":[{"href":"https:\/\/brilliantmindsforce.com\/es\/wp-json\/wp\/v2\/pages"}],"about":[{"href":"https:\/\/brilliantmindsforce.com\/es\/wp-json\/wp\/v2\/types\/page"}],"author":[{"embeddable":true,"href":"https:\/\/brilliantmindsforce.com\/es\/wp-json\/wp\/v2\/users\/1"}],"replies":[{"embeddable":true,"href":"https:\/\/brilliantmindsforce.com\/es\/wp-json\/wp\/v2\/comments?post=538"}],"version-history":[{"count":30,"href":"https:\/\/brilliantmindsforce.com\/es\/wp-json\/wp\/v2\/pages\/538\/revisions"}],"predecessor-version":[{"id":849,"href":"https:\/\/brilliantmindsforce.com\/es\/wp-json\/wp\/v2\/pages\/538\/revisions\/849"}],"up":[{"embeddable":true,"href":"https:\/\/brilliantmindsforce.com\/es\/wp-json\/wp\/v2\/pages\/97"}],"wp:attachment":[{"href":"https:\/\/brilliantmindsforce.com\/es\/wp-json\/wp\/v2\/media?parent=538"}],"curies":[{"name":"wp","href":"https:\/\/api.w.org\/{rel}","templated":true}]}}