{"id":3,"date":"2024-04-22T21:11:21","date_gmt":"2024-04-22T21:11:21","guid":{"rendered":"https:\/\/brilliantmindsforce.com\/?page_id=3"},"modified":"2024-06-03T16:50:26","modified_gmt":"2024-06-03T16:50:26","slug":"privacy-policy","status":"publish","type":"page","link":"https:\/\/brilliantmindsforce.com\/es\/politica-de-privacidad\/","title":{"rendered":"Pol\u00edtica de Privacidad"},"content":{"rendered":"<div class=\"wp-block-cover\" style=\"border-style:none;border-width:0px;border-radius:0px;padding-top:0;padding-right:0;padding-bottom:0;padding-left:0\"><span aria-hidden=\"true\" class=\"wp-block-cover__background has-black-background-color has-background-dim-0 has-background-dim\"><\/span><img loading=\"lazy\" decoding=\"async\" width=\"1920\" height=\"1080\" class=\"wp-block-cover__image-background wp-image-478\" alt=\"\" src=\"https:\/\/brilliantmindsforce.com\/wp-content\/uploads\/2024\/04\/dark-backdrop.png\" data-object-fit=\"cover\" srcset=\"https:\/\/brilliantmindsforce.com\/wp-content\/uploads\/2024\/04\/dark-backdrop.png 1920w, https:\/\/brilliantmindsforce.com\/wp-content\/uploads\/2024\/04\/dark-backdrop-300x169.png 300w, https:\/\/brilliantmindsforce.com\/wp-content\/uploads\/2024\/04\/dark-backdrop-1024x576.png 1024w, https:\/\/brilliantmindsforce.com\/wp-content\/uploads\/2024\/04\/dark-backdrop-768x432.png 768w, https:\/\/brilliantmindsforce.com\/wp-content\/uploads\/2024\/04\/dark-backdrop-1536x864.png 1536w, https:\/\/brilliantmindsforce.com\/wp-content\/uploads\/2024\/04\/dark-backdrop-18x10.png 18w\" sizes=\"(max-width: 1920px) 100vw, 1920px\" \/><div class=\"wp-block-cover__inner-container has-global-padding is-layout-constrained wp-container-core-cover-is-layout-1 wp-block-cover-is-layout-constrained\">\n<h1 class=\"wp-block-heading has-text-align-center has-large-font-size\">Pol\u00edtica de Privacidad<\/h1>\n<\/div><\/div>\n\n\n\n<div class=\"wp-block-group has-global-padding is-layout-constrained wp-container-core-group-is-layout-2 wp-block-group-is-layout-constrained\" style=\"margin-top:var(--wp--preset--spacing--50);margin-bottom:var(--wp--preset--spacing--50)\">\n<p style=\"font-style:normal;font-weight:700\">Fecha de entrada en vigor: 1 de junio<sup>st<\/sup>, 2024<\/p>\n\n\n\n<h2 class=\"wp-block-heading\">1. Introducci\u00f3n<\/h2>\n\n\n\n<p>Bienvenido al sitio web de Brilliant Minds Force, LLC (\"Empresa\", \"nosotros\", \"nuestro\", \"nos\"). Nos comprometemos a proteger su informaci\u00f3n personal y su derecho a la privacidad. Si tiene alguna pregunta o duda sobre nuestra pol\u00edtica o nuestras pr\u00e1cticas en relaci\u00f3n con su informaci\u00f3n personal, p\u00f3ngase en contacto con nosotros en info@brilliantmindsforce.com.<\/p>\n\n\n\n<h2 class=\"wp-block-heading\">2. Informaci\u00f3n que recopilamos<\/h2>\n\n\n\n<p>Recopilamos informaci\u00f3n personal que usted nos proporciona voluntariamente cuando se registra en el sitio web, expresa su inter\u00e9s en obtener informaci\u00f3n sobre nosotros o nuestros productos y servicios, cuando participa en actividades del sitio web o cuando se pone en contacto con nosotros.<\/p>\n\n\n\n<h3 class=\"wp-block-heading\">2.1 Informaci\u00f3n personal facilitada por usted<\/h3>\n\n\n\n<ul class=\"wp-block-list\">\n<li>Informaci\u00f3n de identificaci\u00f3n personal: Nombre, direcci\u00f3n de correo electr\u00f3nico, n\u00famero de tel\u00e9fono, etc.<\/li>\n<\/ul>\n\n\n\n<ul class=\"wp-block-list\">\n<li>Datos de pago: Datos necesarios para procesar su pago si realiza compras, como el n\u00famero de su instrumento de pago (por ejemplo, un n\u00famero de tarjeta de cr\u00e9dito),cand el c\u00f3digo de seguridad asociado a su instrumento de pago.<\/li>\n\n\n\n<li>Informaci\u00f3n de la cuenta: Nombre de usuario, contrase\u00f1a y otra informaci\u00f3n relacionada con la seguridad utilizada para la autenticaci\u00f3n y el acceso a la cuenta.<\/li>\n<\/ul>\n\n\n\n<h3 class=\"wp-block-heading\">2.2 Informaci\u00f3n recogida autom\u00e1ticamente<\/h3>\n\n\n\n<ul class=\"wp-block-list\">\n<li>Datos de registro y uso: Direcci\u00f3n IP, tipo de navegador y configuraci\u00f3n, la fecha y hora de su solicitud y c\u00f3mo interact\u00faa con el sitio web.<\/li>\n<\/ul>\n\n\n\n<ul class=\"wp-block-list\">\n<li>Datos del dispositivo: Informaci\u00f3n sobre su ordenador, tel\u00e9fono, tableta u otro dispositivo que utilice para acceder al sitio web, como el modelo de dispositivo, el sistema operativo y los identificadores \u00fanicos de dispositivo.<\/li>\n<\/ul>\n\n\n\n<ul class=\"wp-block-list\">\n<li>Datos de localizaci\u00f3n: Podemos recopilar informaci\u00f3n sobre su ubicaci\u00f3n si utiliza nuestro sitio web con servicios habilitados para la localizaci\u00f3n.<\/li>\n<\/ul>\n\n\n\n<h2 class=\"wp-block-heading\">3. C\u00f3mo utilizamos su informaci\u00f3n<\/h2>\n\n\n\n<p>Utilizamos la informaci\u00f3n que recogemos o recibimos para los siguientes fines:<\/p>\n\n\n\n<ul class=\"wp-block-list\">\n<li>Para prestar y gestionar servicios: Para crear y gestionar su cuenta, proporcionar atenci\u00f3n al cliente, procesar transacciones y gestionar su uso de nuestros servicios.<\/li>\n<\/ul>\n\n\n\n<ul class=\"wp-block-list\">\n<li>Para comunicarnos con usted: Para enviarle actualizaciones, material promocional y otra informaci\u00f3n relacionada con nuestros servicios. Puede optar por no recibir estas comunicaciones en cualquier momento.<\/li>\n<\/ul>\n\n\n\n<ul class=\"wp-block-list\">\n<li>Para mejorar nuestros servicios: Para comprender c\u00f3mo interact\u00faan los usuarios con nuestro sitio web, supervisar el uso y mejorar la experiencia del usuario.<\/li>\n<\/ul>\n\n\n\n<ul class=\"wp-block-list\">\n<li>Para hacer cumplir nuestras pol\u00edticas: Para hacer cumplir nuestros t\u00e9rminos, condiciones y pol\u00edticas, y con fines legales y de seguridad.<\/li>\n<\/ul>\n\n\n\n<h2 class=\"wp-block-heading\">4. Compartir su informaci\u00f3n<\/h2>\n\n\n\n<p>Podemos compartir su informaci\u00f3n con:<\/p>\n\n\n\n<ul class=\"wp-block-list\">\n<li>Proveedores de servicios: Terceros que prestan servicios en nuestro nombre, como procesamiento de pagos, an\u00e1lisis de datos, env\u00edo de correo electr\u00f3nico, servicios de alojamiento y atenci\u00f3n al cliente.<\/li>\n<\/ul>\n\n\n\n<ul class=\"wp-block-list\">\n<li>Transferencias empresariales: En relaci\u00f3n con cualquier fusi\u00f3n, venta de activos de la empresa, financiaci\u00f3n o adquisici\u00f3n de la totalidad o parte de nuestro negocio a otra empresa.<\/li>\n<\/ul>\n\n\n\n<ul class=\"wp-block-list\">\n<li>Obligaciones legales: Cuando lo exija la ley o en respuesta a un proceso legal v\u00e1lido, como una orden o citaci\u00f3n judicial.<\/li>\n<\/ul>\n\n\n\n<h2 class=\"wp-block-heading\">5. 5. Seguridad de los datos<\/h2>\n\n\n\n<p>Utilizamos medidas de seguridad administrativas, t\u00e9cnicas y f\u00edsicas para proteger su informaci\u00f3n personal. A pesar de estas medidas, ning\u00fan sitio web, transmisi\u00f3n por Internet, sistema inform\u00e1tico o conexi\u00f3n inal\u00e1mbrica es completamente seguro.<\/p>\n\n\n\n<h2 class=\"wp-block-heading\">6. Su derecho a la intimidad<\/h2>\n\n\n\n<p>Dependiendo de su ubicaci\u00f3n, puede tener los siguientes derechos en relaci\u00f3n con su informaci\u00f3n personal:<\/p>\n\n\n\n<ul class=\"wp-block-list\">\n<li>Acceso y rectificaci\u00f3n: Derecho de acceso y rectificaci\u00f3n de los datos personales inexactos o incompletos.<\/li>\n<\/ul>\n\n\n\n<ul class=\"wp-block-list\">\n<li>Supresi\u00f3n: Derecho a solicitar la supresi\u00f3n de sus datos personales.<\/li>\n<\/ul>\n\n\n\n<ul class=\"wp-block-list\">\n<li>Restricci\u00f3n del tratamiento: Derecho a restringir el tratamiento de sus datos personales.<\/li>\n<\/ul>\n\n\n\n<p>Para ejercer cualquiera de estos derechos, p\u00f3ngase en contacto con nosotros en info@brilliantmindsforce.com.<\/p>\n\n\n\n<h2 class=\"wp-block-heading\">7. Cambios en esta pol\u00edtica de privacidad<\/h2>\n\n\n\n<p>Podemos actualizar esta pol\u00edtica de privacidad de vez en cuando. La versi\u00f3n actualizada se indicar\u00e1 mediante una \"Fecha de entrada en vigor\" actualizada y la versi\u00f3n actualizada entrar\u00e1 en vigor en cuanto sea accesible. Le recomendamos que revise esta pol\u00edtica de privacidad con frecuencia para estar informado de c\u00f3mo protegemos su informaci\u00f3n.<\/p>\n\n\n\n<h2 class=\"wp-block-heading\">8. Contacto<\/h2>\n\n\n\n<p>Si tiene preguntas o comentarios sobre esta pol\u00edtica, puede ponerse en contacto con nosotros en:<\/p>\n\n\n\n<div class=\"wp-block-group has-global-padding is-layout-constrained wp-container-core-group-is-layout-1 wp-block-group-is-layout-constrained\">\n<p>Brilliant Minds Force, LLC<\/p>\n\n\n\n<p>6303 Blue Lagoon Drive - Suite 400<\/p>\n\n\n\n<p>Miami, FL 33126<\/p>\n\n\n\n<p>info@brilliantmindsforce.com<\/p>\n<\/div>\n<\/div>","protected":false},"excerpt":{"rendered":"<p>Effective Date: June 1st, 2024 1. Introduction Welcome to the Brilliant Minds Force, LLC (&#8220;Company&#8221;, &#8220;we&#8221;, &#8220;our&#8221;, &#8220;us&#8221;) website. We are committed to protecting your personal information and your right to privacy. If you have any questions or concerns about our policy or our practices regarding your personal information, please contact us at info@brilliantmindsforce.com. 2. [&hellip;]<\/p>\n","protected":false},"author":1,"featured_media":0,"parent":0,"menu_order":0,"comment_status":"closed","ping_status":"open","template":"","meta":{"kia_subtitle":"","footnotes":""},"class_list":["post-3","page","type-page","status-publish","hentry"],"yoast_head":"<!-- This site is optimized with the Yoast SEO plugin v25.6 - https:\/\/yoast.com\/wordpress\/plugins\/seo\/ -->\n<title>Privacy Policy - Brilliant Minds Force<\/title>\n<meta name=\"robots\" content=\"index, follow, max-snippet:-1, max-image-preview:large, max-video-preview:-1\" \/>\n<link rel=\"canonical\" href=\"https:\/\/brilliantmindsforce.com\/es\/politica-de-privacidad\/\" \/>\n<meta property=\"og:locale\" content=\"es_ES\" \/>\n<meta property=\"og:type\" content=\"article\" \/>\n<meta property=\"og:title\" content=\"Privacy Policy - Brilliant Minds Force\" \/>\n<meta property=\"og:description\" content=\"Effective Date: June 1st, 2024 1. Introduction Welcome to the Brilliant Minds Force, LLC (&#8220;Company&#8221;, &#8220;we&#8221;, &#8220;our&#8221;, &#8220;us&#8221;) website. We are committed to protecting your personal information and your right to privacy. If you have any questions or concerns about our policy or our practices regarding your personal information, please contact us at info@brilliantmindsforce.com. 2. [&hellip;]\" \/>\n<meta property=\"og:url\" content=\"https:\/\/brilliantmindsforce.com\/es\/politica-de-privacidad\/\" \/>\n<meta property=\"og:site_name\" content=\"Brilliant Minds Force\" \/>\n<meta property=\"article:modified_time\" content=\"2024-06-03T16:50:26+00:00\" \/>\n<meta property=\"og:image\" content=\"https:\/\/brilliantmindsforce.com\/wp-content\/uploads\/2024\/04\/dark-backdrop.png\" \/>\n<meta name=\"twitter:card\" content=\"summary_large_image\" \/>\n<meta name=\"twitter:label1\" content=\"Tiempo de lectura\" \/>\n\t<meta name=\"twitter:data1\" content=\"3 minutos\" \/>\n<script type=\"application\/ld+json\" class=\"yoast-schema-graph\">{\"@context\":\"https:\/\/schema.org\",\"@graph\":[{\"@type\":\"WebPage\",\"@id\":\"https:\/\/brilliantmindsforce.com\/privacy-policy\/\",\"url\":\"https:\/\/brilliantmindsforce.com\/privacy-policy\/\",\"name\":\"Privacy Policy - Brilliant Minds Force\",\"isPartOf\":{\"@id\":\"https:\/\/brilliantmindsforce.com\/#website\"},\"primaryImageOfPage\":{\"@id\":\"https:\/\/brilliantmindsforce.com\/privacy-policy\/#primaryimage\"},\"image\":{\"@id\":\"https:\/\/brilliantmindsforce.com\/privacy-policy\/#primaryimage\"},\"thumbnailUrl\":\"https:\/\/brilliantmindsforce.com\/wp-content\/uploads\/2024\/04\/dark-backdrop.png\",\"datePublished\":\"2024-04-22T21:11:21+00:00\",\"dateModified\":\"2024-06-03T16:50:26+00:00\",\"breadcrumb\":{\"@id\":\"https:\/\/brilliantmindsforce.com\/privacy-policy\/#breadcrumb\"},\"inLanguage\":\"es\",\"potentialAction\":[{\"@type\":\"ReadAction\",\"target\":[\"https:\/\/brilliantmindsforce.com\/privacy-policy\/\"]}]},{\"@type\":\"ImageObject\",\"inLanguage\":\"es\",\"@id\":\"https:\/\/brilliantmindsforce.com\/privacy-policy\/#primaryimage\",\"url\":\"https:\/\/brilliantmindsforce.com\/wp-content\/uploads\/2024\/04\/dark-backdrop.png\",\"contentUrl\":\"https:\/\/brilliantmindsforce.com\/wp-content\/uploads\/2024\/04\/dark-backdrop.png\"},{\"@type\":\"BreadcrumbList\",\"@id\":\"https:\/\/brilliantmindsforce.com\/privacy-policy\/#breadcrumb\",\"itemListElement\":[{\"@type\":\"ListItem\",\"position\":1,\"name\":\"Home\",\"item\":\"https:\/\/brilliantmindsforce.com\/\"},{\"@type\":\"ListItem\",\"position\":2,\"name\":\"Privacy Policy\"}]},{\"@type\":\"WebSite\",\"@id\":\"https:\/\/brilliantmindsforce.com\/#website\",\"url\":\"https:\/\/brilliantmindsforce.com\/\",\"name\":\"Brilliant Minds Force\",\"description\":\"Connecting Education To Industry\",\"publisher\":{\"@id\":\"https:\/\/brilliantmindsforce.com\/#organization\"},\"potentialAction\":[{\"@type\":\"SearchAction\",\"target\":{\"@type\":\"EntryPoint\",\"urlTemplate\":\"https:\/\/brilliantmindsforce.com\/?s={search_term_string}\"},\"query-input\":{\"@type\":\"PropertyValueSpecification\",\"valueRequired\":true,\"valueName\":\"search_term_string\"}}],\"inLanguage\":\"es\"},{\"@type\":\"Organization\",\"@id\":\"https:\/\/brilliantmindsforce.com\/#organization\",\"name\":\"Brilliant Minds Force\",\"url\":\"https:\/\/brilliantmindsforce.com\/\",\"logo\":{\"@type\":\"ImageObject\",\"inLanguage\":\"es\",\"@id\":\"https:\/\/brilliantmindsforce.com\/#\/schema\/logo\/image\/\",\"url\":\"https:\/\/brilliantmindsforce.com\/wp-content\/uploads\/2024\/04\/Logo.jpg\",\"contentUrl\":\"https:\/\/brilliantmindsforce.com\/wp-content\/uploads\/2024\/04\/Logo.jpg\",\"width\":300,\"height\":150,\"caption\":\"Brilliant Minds Force\"},\"image\":{\"@id\":\"https:\/\/brilliantmindsforce.com\/#\/schema\/logo\/image\/\"}}]}<\/script>\n<!-- \/ Yoast SEO plugin. -->","yoast_head_json":{"title":"Pol\u00edtica de privacidad - Brilliant Minds Force","robots":{"index":"index","follow":"follow","max-snippet":"max-snippet:-1","max-image-preview":"max-image-preview:large","max-video-preview":"max-video-preview:-1"},"canonical":"https:\/\/brilliantmindsforce.com\/es\/politica-de-privacidad\/","og_locale":"es_ES","og_type":"article","og_title":"Privacy Policy - Brilliant Minds Force","og_description":"Effective Date: June 1st, 2024 1. Introduction Welcome to the Brilliant Minds Force, LLC (&#8220;Company&#8221;, &#8220;we&#8221;, &#8220;our&#8221;, &#8220;us&#8221;) website. We are committed to protecting your personal information and your right to privacy. If you have any questions or concerns about our policy or our practices regarding your personal information, please contact us at info@brilliantmindsforce.com. 2. [&hellip;]","og_url":"https:\/\/brilliantmindsforce.com\/es\/politica-de-privacidad\/","og_site_name":"Brilliant Minds Force","article_modified_time":"2024-06-03T16:50:26+00:00","og_image":[{"url":"https:\/\/brilliantmindsforce.com\/wp-content\/uploads\/2024\/04\/dark-backdrop.png","type":"","width":"","height":""}],"twitter_card":"summary_large_image","twitter_misc":{"Tiempo de lectura":"3 minutos"},"schema":{"@context":"https:\/\/schema.org","@graph":[{"@type":"WebPage","@id":"https:\/\/brilliantmindsforce.com\/privacy-policy\/","url":"https:\/\/brilliantmindsforce.com\/privacy-policy\/","name":"Pol\u00edtica de privacidad - Brilliant Minds Force","isPartOf":{"@id":"https:\/\/brilliantmindsforce.com\/#website"},"primaryImageOfPage":{"@id":"https:\/\/brilliantmindsforce.com\/privacy-policy\/#primaryimage"},"image":{"@id":"https:\/\/brilliantmindsforce.com\/privacy-policy\/#primaryimage"},"thumbnailUrl":"https:\/\/brilliantmindsforce.com\/wp-content\/uploads\/2024\/04\/dark-backdrop.png","datePublished":"2024-04-22T21:11:21+00:00","dateModified":"2024-06-03T16:50:26+00:00","breadcrumb":{"@id":"https:\/\/brilliantmindsforce.com\/privacy-policy\/#breadcrumb"},"inLanguage":"es","potentialAction":[{"@type":"ReadAction","target":["https:\/\/brilliantmindsforce.com\/privacy-policy\/"]}]},{"@type":"ImageObject","inLanguage":"es","@id":"https:\/\/brilliantmindsforce.com\/privacy-policy\/#primaryimage","url":"https:\/\/brilliantmindsforce.com\/wp-content\/uploads\/2024\/04\/dark-backdrop.png","contentUrl":"https:\/\/brilliantmindsforce.com\/wp-content\/uploads\/2024\/04\/dark-backdrop.png"},{"@type":"BreadcrumbList","@id":"https:\/\/brilliantmindsforce.com\/privacy-policy\/#breadcrumb","itemListElement":[{"@type":"ListItem","position":1,"name":"Home","item":"https:\/\/brilliantmindsforce.com\/"},{"@type":"ListItem","position":2,"name":"Privacy Policy"}]},{"@type":"WebSite","@id":"https:\/\/brilliantmindsforce.com\/#website","url":"https:\/\/brilliantmindsforce.com\/","name":"Brilliant Minds Force","description":"Conectar la educaci\u00f3n con la industria","publisher":{"@id":"https:\/\/brilliantmindsforce.com\/#organization"},"potentialAction":[{"@type":"SearchAction","target":{"@type":"EntryPoint","urlTemplate":"https:\/\/brilliantmindsforce.com\/?s={search_term_string}"},"query-input":{"@type":"PropertyValueSpecification","valueRequired":true,"valueName":"search_term_string"}}],"inLanguage":"es"},{"@type":"Organization","@id":"https:\/\/brilliantmindsforce.com\/#organization","name":"Brilliant Minds Force","url":"https:\/\/brilliantmindsforce.com\/","logo":{"@type":"ImageObject","inLanguage":"es","@id":"https:\/\/brilliantmindsforce.com\/#\/schema\/logo\/image\/","url":"https:\/\/brilliantmindsforce.com\/wp-content\/uploads\/2024\/04\/Logo.jpg","contentUrl":"https:\/\/brilliantmindsforce.com\/wp-content\/uploads\/2024\/04\/Logo.jpg","width":300,"height":150,"caption":"Brilliant Minds Force"},"image":{"@id":"https:\/\/brilliantmindsforce.com\/#\/schema\/logo\/image\/"}}]}},"_links":{"self":[{"href":"https:\/\/brilliantmindsforce.com\/es\/wp-json\/wp\/v2\/pages\/3"}],"collection":[{"href":"https:\/\/brilliantmindsforce.com\/es\/wp-json\/wp\/v2\/pages"}],"about":[{"href":"https:\/\/brilliantmindsforce.com\/es\/wp-json\/wp\/v2\/types\/page"}],"author":[{"embeddable":true,"href":"https:\/\/brilliantmindsforce.com\/es\/wp-json\/wp\/v2\/users\/1"}],"replies":[{"embeddable":true,"href":"https:\/\/brilliantmindsforce.com\/es\/wp-json\/wp\/v2\/comments?post=3"}],"version-history":[{"count":5,"href":"https:\/\/brilliantmindsforce.com\/es\/wp-json\/wp\/v2\/pages\/3\/revisions"}],"predecessor-version":[{"id":988,"href":"https:\/\/brilliantmindsforce.com\/es\/wp-json\/wp\/v2\/pages\/3\/revisions\/988"}],"wp:attachment":[{"href":"https:\/\/brilliantmindsforce.com\/es\/wp-json\/wp\/v2\/media?parent=3"}],"curies":[{"name":"wp","href":"https:\/\/api.w.org\/{rel}","templated":true}]}}